{"id":14503,"date":"2019-08-15T09:22:25","date_gmt":"2019-08-15T07:22:25","guid":{"rendered":"https:\/\/impregnum.se\/?page_id=14503"},"modified":"2019-09-19T16:27:29","modified_gmt":"2019-09-19T14:27:29","slug":"frakt","status":"publish","type":"page","link":"https:\/\/impregnum.se\/en\/frakt\/","title":{"rendered":"FRAKT"},"content":{"rendered":"<div data-elementor-type=\"wp-post\" data-elementor-id=\"14503\" class=\"elementor elementor-14503\" data-elementor-post-type=\"page\">\n\t\t\t\t\t\t<section class=\"elementor-section elementor-top-section elementor-element elementor-element-482adde2 elementor-section-height-min-height elementor-section-stretched elementor-section-boxed elementor-section-height-default elementor-section-items-middle\" data-id=\"482adde2\" data-element_type=\"section\" data-settings=\"{&quot;background_background&quot;:&quot;classic&quot;,&quot;stretch_section&quot;:&quot;section-stretched&quot;,&quot;jet_parallax_layout_list&quot;:[{&quot;jet_parallax_layout_image&quot;:{&quot;url&quot;:&quot;&quot;,&quot;id&quot;:&quot;&quot;,&quot;size&quot;:&quot;&quot;},&quot;jet_parallax_layout_image_tablet&quot;:{&quot;url&quot;:&quot;&quot;,&quot;id&quot;:&quot;&quot;,&quot;size&quot;:&quot;&quot;},&quot;jet_parallax_layout_image_mobile&quot;:{&quot;url&quot;:&quot;&quot;,&quot;id&quot;:&quot;&quot;,&quot;size&quot;:&quot;&quot;},&quot;jet_parallax_layout_speed&quot;:{&quot;unit&quot;:&quot;%&quot;,&quot;size&quot;:50,&quot;sizes&quot;:[]},&quot;jet_parallax_layout_type&quot;:&quot;scroll&quot;,&quot;jet_parallax_layout_z_index&quot;:&quot;&quot;,&quot;jet_parallax_layout_bg_x&quot;:50,&quot;jet_parallax_layout_bg_y&quot;:50,&quot;jet_parallax_layout_bg_size&quot;:&quot;auto&quot;,&quot;jet_parallax_layout_animation_prop&quot;:&quot;transform&quot;,&quot;jet_parallax_layout_on&quot;:[&quot;desktop&quot;,&quot;tablet&quot;],&quot;_id&quot;:&quot;1bf93eb&quot;,&quot;jet_parallax_layout_direction&quot;:&quot;1&quot;,&quot;jet_parallax_layout_fx_direction&quot;:null,&quot;jet_parallax_layout_bg_x_tablet&quot;:&quot;&quot;,&quot;jet_parallax_layout_bg_x_mobile&quot;:&quot;&quot;,&quot;jet_parallax_layout_bg_y_tablet&quot;:&quot;&quot;,&quot;jet_parallax_layout_bg_y_mobile&quot;:&quot;&quot;,&quot;jet_parallax_layout_bg_size_tablet&quot;:&quot;&quot;,&quot;jet_parallax_layout_bg_size_mobile&quot;:&quot;&quot;}]}\">\n\t\t\t\t\t\t\t<div class=\"elementor-background-overlay\"><\/div>\n\t\t\t\t\t\t\t<div class=\"elementor-container elementor-column-gap-default\">\n\t\t\t\t\t<div class=\"elementor-column elementor-col-100 elementor-top-column elementor-element elementor-element-2a8fa20e\" data-id=\"2a8fa20e\" data-element_type=\"column\">\n\t\t\t<div class=\"elementor-widget-wrap elementor-element-populated\">\n\t\t\t\t\t\t<div class=\"elementor-element elementor-element-d14f060 elementor-widget elementor-widget-spacer\" data-id=\"d14f060\" data-element_type=\"widget\" data-widget_type=\"spacer.default\">\n\t\t\t\t<div class=\"elementor-widget-container\">\n\t\t\t\t\t\t\t<div class=\"elementor-spacer\">\n\t\t\t<div class=\"elementor-spacer-inner\"><\/div>\n\t\t<\/div>\n\t\t\t\t\t\t<\/div>\n\t\t\t\t<\/div>\n\t\t\t\t<div class=\"elementor-element elementor-element-45404e2d animated-slow elementor-invisible elementor-widget elementor-widget-heading\" data-id=\"45404e2d\" data-element_type=\"widget\" data-settings=\"{&quot;_animation&quot;:&quot;fadeIn&quot;}\" data-widget_type=\"heading.default\">\n\t\t\t\t<div class=\"elementor-widget-container\">\n\t\t\t\t\t<h2 class=\"elementor-heading-title elementor-size-default\">Frakt <\/h2>\t\t\t\t<\/div>\n\t\t\t\t<\/div>\n\t\t\t\t<div class=\"elementor-element elementor-element-7d0e60e0 elementor-widget elementor-widget-heading\" data-id=\"7d0e60e0\" data-element_type=\"widget\" data-widget_type=\"heading.default\">\n\t\t\t\t<div class=\"elementor-widget-container\">\n\t\t\t\t\t<h2 class=\"elementor-heading-title elementor-size-default\">K\u00f6p &amp; leveransvillkor<\/h2>\t\t\t\t<\/div>\n\t\t\t\t<\/div>\n\t\t\t\t<div class=\"elementor-element elementor-element-2b5a597 elementor-align-left elementor-mobile-align-center elementor-widget elementor-widget-button\" data-id=\"2b5a597\" data-element_type=\"widget\" data-widget_type=\"button.default\">\n\t\t\t\t<div class=\"elementor-widget-container\">\n\t\t\t\t\t\t\t\t\t<div class=\"elementor-button-wrapper\">\n\t\t\t\t\t<a class=\"elementor-button elementor-button-link elementor-size-sm\" href=\"\/en\/kontakta-oss\/\">\n\t\t\t\t\t\t<span class=\"elementor-button-content-wrapper\">\n\t\t\t\t\t\t\t\t\t<span class=\"elementor-button-text\">KONTAKTA OSS<\/span>\n\t\t\t\t\t<\/span>\n\t\t\t\t\t<\/a>\n\t\t\t\t<\/div>\n\t\t\t\t\t\t\t\t<\/div>\n\t\t\t\t<\/div>\n\t\t\t\t\t<\/div>\n\t\t<\/div>\n\t\t\t\t\t<\/div>\n\t\t<\/section>\n\t\t\t\t<section class=\"elementor-section elementor-top-section elementor-element elementor-element-5e45d662 elementor-section-stretched elementor-section-boxed elementor-section-height-default elementor-section-height-default\" data-id=\"5e45d662\" data-element_type=\"section\" data-settings=\"{&quot;stretch_section&quot;:&quot;section-stretched&quot;,&quot;jet_parallax_layout_list&quot;:[{&quot;jet_parallax_layout_image&quot;:{&quot;url&quot;:&quot;&quot;,&quot;id&quot;:&quot;&quot;,&quot;size&quot;:&quot;&quot;},&quot;_id&quot;:&quot;82f6976&quot;,&quot;jet_parallax_layout_image_tablet&quot;:{&quot;url&quot;:&quot;&quot;,&quot;id&quot;:&quot;&quot;,&quot;size&quot;:&quot;&quot;},&quot;jet_parallax_layout_image_mobile&quot;:{&quot;url&quot;:&quot;&quot;,&quot;id&quot;:&quot;&quot;,&quot;size&quot;:&quot;&quot;},&quot;jet_parallax_layout_speed&quot;:{&quot;unit&quot;:&quot;%&quot;,&quot;size&quot;:50,&quot;sizes&quot;:[]},&quot;jet_parallax_layout_type&quot;:&quot;scroll&quot;,&quot;jet_parallax_layout_z_index&quot;:&quot;&quot;,&quot;jet_parallax_layout_bg_x&quot;:50,&quot;jet_parallax_layout_bg_y&quot;:50,&quot;jet_parallax_layout_bg_size&quot;:&quot;auto&quot;,&quot;jet_parallax_layout_animation_prop&quot;:&quot;transform&quot;,&quot;jet_parallax_layout_on&quot;:[&quot;desktop&quot;,&quot;tablet&quot;],&quot;jet_parallax_layout_direction&quot;:&quot;1&quot;,&quot;jet_parallax_layout_fx_direction&quot;:null,&quot;jet_parallax_layout_bg_x_tablet&quot;:&quot;&quot;,&quot;jet_parallax_layout_bg_x_mobile&quot;:&quot;&quot;,&quot;jet_parallax_layout_bg_y_tablet&quot;:&quot;&quot;,&quot;jet_parallax_layout_bg_y_mobile&quot;:&quot;&quot;,&quot;jet_parallax_layout_bg_size_tablet&quot;:&quot;&quot;,&quot;jet_parallax_layout_bg_size_mobile&quot;:&quot;&quot;}],&quot;background_background&quot;:&quot;classic&quot;}\">\n\t\t\t\t\t\t<div class=\"elementor-container elementor-column-gap-default\">\n\t\t\t\t\t<div class=\"elementor-column elementor-col-100 elementor-top-column elementor-element elementor-element-37a04eef\" data-id=\"37a04eef\" data-element_type=\"column\">\n\t\t\t<div class=\"elementor-widget-wrap elementor-element-populated\">\n\t\t\t\t\t\t<div class=\"elementor-element elementor-element-165e141 elementor-widget elementor-widget-heading\" data-id=\"165e141\" data-element_type=\"widget\" data-widget_type=\"heading.default\">\n\t\t\t\t<div class=\"elementor-widget-container\">\n\t\t\t\t\t<h2 class=\"elementor-heading-title elementor-size-default\">Frakt<\/h2>\t\t\t\t<\/div>\n\t\t\t\t<\/div>\n\t\t\t\t<div class=\"elementor-element elementor-element-e2af544 elementor-widget elementor-widget-text-editor\" data-id=\"e2af544\" data-element_type=\"widget\" data-widget_type=\"text-editor.default\">\n\t\t\t\t<div class=\"elementor-widget-container\">\n\t\t\t\t\t\t\t\t\t<p>impregnum anv\u00e4nder sig av fast fraktpris eller fri frakt till din hemadress. Detta inneb\u00e4r att vi har fri frakt p\u00e5 alla best\u00e4llningar \u00f6verstigande 6000 sek, understiger best\u00e4llningen 6000 sek blir fraktkostnaden alltid 119 sek. Vi levererar med DB SCHENKER privpak utan avi och kvittens. Leveranstiden \u00e4r 3-5 dagar fr\u00e5n best\u00e4llningsdatum. Se ytterligare villkor nedan.<\/p><p><strong>Nyhet!<\/strong><\/p><p><strong>N\u00e4r varan har l\u00e4mnat v\u00e5rt lager kommer du att f\u00e5 ett mail med en \u201dtrackingl\u00e4nk\u201d s\u00e5 du kan f\u00f6lja ditt gods.\u00a0<\/strong><\/p><p><strong>Hempaket\/F\u00f6retag dagtid mellan kl. 08:00 till kl. 16:00 utan kvittens (Schenker)<\/strong><\/p><p>Levereras till din\/er d\u00f6rr och st\u00e4lls av \u00e4ven om du\/ni inte \u00e4r hemma. Leverans sker under dagtid (08.00-16.00) vardagar. Du godk\u00e4nner med detta fraktalternativ att du inte kvitterar leveransen. Kvittens anses ha l\u00e4mnats n\u00e4r chauff\u00f6ren l\u00e4mnat paketet. Du erh\u00e5ller heller ingen avisering om n\u00e4r den kommer dock f\u00e5r du ett mail med din faktura d\u00e5 din order l\u00e4mnar v\u00e5r fabrik.<\/p><p>Det \u00e4r viktigt att du\/ni anger all information s\u00e5 som antal trappor och eventuell portkod i meddelandef\u00e4ltet n\u00e4r du slutf\u00f6r din best\u00e4llning, h\u00e4r kan du \u00e4ven l\u00e4mna en kommentar om vart du vill ha din leverans om du inte \u00e4r hemma, t.ex. \u201di garaget\u201d eller \u201dl\u00e4mna paketet i uterummet\u201d.<\/p><p>Viktigt \u00e4ven att ditt namn finns uppsatt direkt innanf\u00f6r porten om du har trappuppg\u00e5ng. T\u00e4nk p\u00e5 att best\u00e4llningar \u00f6ver 65 kg vanligtvis levereras p\u00e5 halvpall. Om du bor i l\u00e4genhet eller om det inte finns m\u00f6jlighet att lossa denna utanf\u00f6r din d\u00f6rr kommer Schenker att st\u00e4lla av den p\u00e5 n\u00e4rmsta l\u00e4mpliga plats.<\/p><p>Du\/ni kan f\u00e5 leverans \u00e4ven om du har porttelefon, men m\u00e5ste vid best\u00e4llning l\u00e4mna anvisningar i meddelandef\u00e4ltet s\u00e5 att vi kommer in i trappuppg\u00e5ngen. Om vi av n\u00e5gon anledning inte kommer in i porten eller felaktigt angiven adress har l\u00e4mnats s\u00e5 kommer Schenker att f\u00f6rs\u00f6ka kontakta dig f\u00f6r ytterligare leveransanvisningar, om de inte f\u00e5r tag p\u00e5 dig kommer paketet att g\u00e5 i retur till oss.<\/p><p>Oceanbutiken st\u00e5r f\u00f6r transportrisken d.v.s. skador som kan uppst\u00e5 under transporten till kund. Synlig skada ska alltid p\u00e5talas till chauff\u00f6r\/ombud p\u00e5 plats och noteras av denna, om det \u00e4r m\u00f6jligt med valt leveranss\u00e4tt. Om produkten \u00e4r skadad vid leveranstillf\u00e4llet ska detta anm\u00e4las omg\u00e5ende till impregnum kundservice\u00a0<\/p><p>\u00a0F\u00f6r att vi ska kunna reklamera skadan gentemot v\u00e5r transport\u00f6r beh\u00f6ver vi anm\u00e4la transportskadan till denne inom 1-3 dagar.<\/p>\t\t\t\t\t\t\t\t<\/div>\n\t\t\t\t<\/div>\n\t\t\t\t<div class=\"elementor-element elementor-element-d6ae635 elementor-align-right elementor-mobile-align-center elementor-widget elementor-widget-button\" data-id=\"d6ae635\" data-element_type=\"widget\" data-widget_type=\"button.default\">\n\t\t\t\t<div class=\"elementor-widget-container\">\n\t\t\t\t\t\t\t\t\t<div class=\"elementor-button-wrapper\">\n\t\t\t\t\t<a class=\"elementor-button elementor-button-link elementor-size-sm\" href=\"\/en\/kontakta-oss\/\">\n\t\t\t\t\t\t<span class=\"elementor-button-content-wrapper\">\n\t\t\t\t\t\t\t\t\t<span class=\"elementor-button-text\">KONTAKTA OSS<\/span>\n\t\t\t\t\t<\/span>\n\t\t\t\t\t<\/a>\n\t\t\t\t<\/div>\n\t\t\t\t\t\t\t\t<\/div>\n\t\t\t\t<\/div>\n\t\t\t\t\t<\/div>\n\t\t<\/div>\n\t\t\t\t\t<\/div>\n\t\t<\/section>\n\t\t\t\t<\/div>","protected":false},"excerpt":{"rendered":"<p>Frakt K\u00f6p &amp; leveransvillkor KONTAKTA OSS Frakt impregnum anv\u00e4nder sig av fast fraktpris eller fri frakt till din hemadress. Detta inneb\u00e4r att vi har fri frakt p\u00e5 alla best\u00e4llningar \u00f6verstigande 6000 sek, understiger best\u00e4llningen 6000 sek blir fraktkostnaden alltid 119 sek. Vi levererar med DB SCHENKER privpak utan avi och kvittens. Leveranstiden \u00e4r 3-5 dagar [&hellip;]<\/p>","protected":false},"author":2,"featured_media":16310,"parent":0,"menu_order":0,"comment_status":"closed","ping_status":"closed","template":"elementor_header_footer","meta":{"_acf_changed":false,"footnotes":""},"class_list":["post-14503","page","type-page","status-publish","has-post-thumbnail","hentry"],"acf":[],"yoast_head":"<!-- This site is optimized with the Yoast SEO plugin v26.8 - https:\/\/yoast.com\/product\/yoast-seo-wordpress\/ -->\n<title>FRAKT - Impregnum AB<\/title>\n<meta name=\"robots\" content=\"index, follow, max-snippet:-1, max-image-preview:large, max-video-preview:-1\" \/>\n<link rel=\"canonical\" href=\"https:\/\/impregnum.se\/en\/frakt\/\" \/>\n<meta property=\"og:locale\" content=\"en_US\" \/>\n<meta property=\"og:type\" content=\"article\" \/>\n<meta property=\"og:title\" content=\"FRAKT - Impregnum AB\" \/>\n<meta property=\"og:description\" content=\"Frakt K\u00f6p &amp; leveransvillkor KONTAKTA OSS Frakt impregnum anv\u00e4nder sig av fast fraktpris eller fri frakt till din hemadress. Detta inneb\u00e4r att vi har fri frakt p\u00e5 alla best\u00e4llningar \u00f6verstigande 6000 sek, understiger best\u00e4llningen 6000 sek blir fraktkostnaden alltid 119 sek. Vi levererar med DB SCHENKER privpak utan avi och kvittens. Leveranstiden \u00e4r 3-5 dagar [&hellip;]\" \/>\n<meta property=\"og:url\" content=\"https:\/\/impregnum.se\/en\/frakt\/\" \/>\n<meta property=\"og:site_name\" content=\"Impregnum AB\" \/>\n<meta property=\"article:modified_time\" content=\"2019-09-19T14:27:29+00:00\" \/>\n<meta property=\"og:image\" content=\"https:\/\/impregnum.se\/wp-content\/uploads\/house-3150500_1920.jpg\" \/>\n\t<meta property=\"og:image:width\" content=\"1920\" \/>\n\t<meta property=\"og:image:height\" content=\"1219\" \/>\n\t<meta property=\"og:image:type\" content=\"image\/jpeg\" \/>\n<meta name=\"twitter:card\" content=\"summary_large_image\" \/>\n<meta name=\"twitter:label1\" content=\"Est. reading time\" \/>\n\t<meta name=\"twitter:data1\" content=\"2 minutes\" \/>\n<script type=\"application\/ld+json\" class=\"yoast-schema-graph\">{\"@context\":\"https:\/\/schema.org\",\"@graph\":[{\"@type\":\"WebPage\",\"@id\":\"https:\/\/impregnum.se\/frakt\/\",\"url\":\"https:\/\/impregnum.se\/frakt\/\",\"name\":\"FRAKT - Impregnum AB\",\"isPartOf\":{\"@id\":\"https:\/\/impregnum.se\/#website\"},\"primaryImageOfPage\":{\"@id\":\"https:\/\/impregnum.se\/frakt\/#primaryimage\"},\"image\":{\"@id\":\"https:\/\/impregnum.se\/frakt\/#primaryimage\"},\"thumbnailUrl\":\"https:\/\/impregnum.se\/wp-content\/uploads\/house-3150500_1920.jpg\",\"datePublished\":\"2019-08-15T07:22:25+00:00\",\"dateModified\":\"2019-09-19T14:27:29+00:00\",\"breadcrumb\":{\"@id\":\"https:\/\/impregnum.se\/frakt\/#breadcrumb\"},\"inLanguage\":\"en-US\",\"potentialAction\":[{\"@type\":\"ReadAction\",\"target\":[\"https:\/\/impregnum.se\/frakt\/\"]}]},{\"@type\":\"ImageObject\",\"inLanguage\":\"en-US\",\"@id\":\"https:\/\/impregnum.se\/frakt\/#primaryimage\",\"url\":\"https:\/\/impregnum.se\/wp-content\/uploads\/house-3150500_1920.jpg\",\"contentUrl\":\"https:\/\/impregnum.se\/wp-content\/uploads\/house-3150500_1920.jpg\",\"width\":1920,\"height\":1219},{\"@type\":\"BreadcrumbList\",\"@id\":\"https:\/\/impregnum.se\/frakt\/#breadcrumb\",\"itemListElement\":[{\"@type\":\"ListItem\",\"position\":1,\"name\":\"Home\",\"item\":\"https:\/\/impregnum.se\/\"},{\"@type\":\"ListItem\",\"position\":2,\"name\":\"FRAKT\"}]},{\"@type\":\"WebSite\",\"@id\":\"https:\/\/impregnum.se\/#website\",\"url\":\"https:\/\/impregnum.se\/\",\"name\":\"Impregnum AB\",\"description\":\"impregnum.se\",\"publisher\":{\"@id\":\"https:\/\/impregnum.se\/#organization\"},\"potentialAction\":[{\"@type\":\"SearchAction\",\"target\":{\"@type\":\"EntryPoint\",\"urlTemplate\":\"https:\/\/impregnum.se\/?s={search_term_string}\"},\"query-input\":{\"@type\":\"PropertyValueSpecification\",\"valueRequired\":true,\"valueName\":\"search_term_string\"}}],\"inLanguage\":\"en-US\"},{\"@type\":\"Organization\",\"@id\":\"https:\/\/impregnum.se\/#organization\",\"name\":\"https:\/\/impregnum.se\/\",\"url\":\"https:\/\/impregnum.se\/\",\"logo\":{\"@type\":\"ImageObject\",\"inLanguage\":\"en-US\",\"@id\":\"https:\/\/impregnum.se\/#\/schema\/logo\/image\/\",\"url\":\"https:\/\/impregnum.se\/wp-content\/uploads\/impregnum-logo-nya.png\",\"contentUrl\":\"https:\/\/impregnum.se\/wp-content\/uploads\/impregnum-logo-nya.png\",\"width\":1879,\"height\":521,\"caption\":\"https:\/\/impregnum.se\/\"},\"image\":{\"@id\":\"https:\/\/impregnum.se\/#\/schema\/logo\/image\/\"}}]}<\/script>\n<!-- \/ Yoast SEO plugin. -->","yoast_head_json":{"title":"FRAKT - Impregnum AB","robots":{"index":"index","follow":"follow","max-snippet":"max-snippet:-1","max-image-preview":"max-image-preview:large","max-video-preview":"max-video-preview:-1"},"canonical":"https:\/\/impregnum.se\/en\/frakt\/","og_locale":"en_US","og_type":"article","og_title":"FRAKT - Impregnum AB","og_description":"Frakt K\u00f6p &amp; leveransvillkor KONTAKTA OSS Frakt impregnum anv\u00e4nder sig av fast fraktpris eller fri frakt till din hemadress. Detta inneb\u00e4r att vi har fri frakt p\u00e5 alla best\u00e4llningar \u00f6verstigande 6000 sek, understiger best\u00e4llningen 6000 sek blir fraktkostnaden alltid 119 sek. Vi levererar med DB SCHENKER privpak utan avi och kvittens. Leveranstiden \u00e4r 3-5 dagar [&hellip;]","og_url":"https:\/\/impregnum.se\/en\/frakt\/","og_site_name":"Impregnum AB","article_modified_time":"2019-09-19T14:27:29+00:00","og_image":[{"width":1920,"height":1219,"url":"https:\/\/impregnum.se\/wp-content\/uploads\/house-3150500_1920.jpg","type":"image\/jpeg"}],"twitter_card":"summary_large_image","twitter_misc":{"Est. reading time":"2 minutes"},"schema":{"@context":"https:\/\/schema.org","@graph":[{"@type":"WebPage","@id":"https:\/\/impregnum.se\/frakt\/","url":"https:\/\/impregnum.se\/frakt\/","name":"FRAKT - Impregnum AB","isPartOf":{"@id":"https:\/\/impregnum.se\/#website"},"primaryImageOfPage":{"@id":"https:\/\/impregnum.se\/frakt\/#primaryimage"},"image":{"@id":"https:\/\/impregnum.se\/frakt\/#primaryimage"},"thumbnailUrl":"https:\/\/impregnum.se\/wp-content\/uploads\/house-3150500_1920.jpg","datePublished":"2019-08-15T07:22:25+00:00","dateModified":"2019-09-19T14:27:29+00:00","breadcrumb":{"@id":"https:\/\/impregnum.se\/frakt\/#breadcrumb"},"inLanguage":"en-US","potentialAction":[{"@type":"ReadAction","target":["https:\/\/impregnum.se\/frakt\/"]}]},{"@type":"ImageObject","inLanguage":"en-US","@id":"https:\/\/impregnum.se\/frakt\/#primaryimage","url":"https:\/\/impregnum.se\/wp-content\/uploads\/house-3150500_1920.jpg","contentUrl":"https:\/\/impregnum.se\/wp-content\/uploads\/house-3150500_1920.jpg","width":1920,"height":1219},{"@type":"BreadcrumbList","@id":"https:\/\/impregnum.se\/frakt\/#breadcrumb","itemListElement":[{"@type":"ListItem","position":1,"name":"Home","item":"https:\/\/impregnum.se\/"},{"@type":"ListItem","position":2,"name":"FRAKT"}]},{"@type":"WebSite","@id":"https:\/\/impregnum.se\/#website","url":"https:\/\/impregnum.se\/","name":"Impregnum AB","description":"impregnum.se","publisher":{"@id":"https:\/\/impregnum.se\/#organization"},"potentialAction":[{"@type":"SearchAction","target":{"@type":"EntryPoint","urlTemplate":"https:\/\/impregnum.se\/?s={search_term_string}"},"query-input":{"@type":"PropertyValueSpecification","valueRequired":true,"valueName":"search_term_string"}}],"inLanguage":"en-US"},{"@type":"Organization","@id":"https:\/\/impregnum.se\/#organization","name":"https:\/\/impregnum.se\/","url":"https:\/\/impregnum.se\/","logo":{"@type":"ImageObject","inLanguage":"en-US","@id":"https:\/\/impregnum.se\/#\/schema\/logo\/image\/","url":"https:\/\/impregnum.se\/wp-content\/uploads\/impregnum-logo-nya.png","contentUrl":"https:\/\/impregnum.se\/wp-content\/uploads\/impregnum-logo-nya.png","width":1879,"height":521,"caption":"https:\/\/impregnum.se\/"},"image":{"@id":"https:\/\/impregnum.se\/#\/schema\/logo\/image\/"}}]}},"_links":{"self":[{"href":"https:\/\/impregnum.se\/en\/wp-json\/wp\/v2\/pages\/14503","targetHints":{"allow":["GET"]}}],"collection":[{"href":"https:\/\/impregnum.se\/en\/wp-json\/wp\/v2\/pages"}],"about":[{"href":"https:\/\/impregnum.se\/en\/wp-json\/wp\/v2\/types\/page"}],"author":[{"embeddable":true,"href":"https:\/\/impregnum.se\/en\/wp-json\/wp\/v2\/users\/2"}],"replies":[{"embeddable":true,"href":"https:\/\/impregnum.se\/en\/wp-json\/wp\/v2\/comments?post=14503"}],"version-history":[{"count":23,"href":"https:\/\/impregnum.se\/en\/wp-json\/wp\/v2\/pages\/14503\/revisions"}],"predecessor-version":[{"id":16551,"href":"https:\/\/impregnum.se\/en\/wp-json\/wp\/v2\/pages\/14503\/revisions\/16551"}],"wp:featuredmedia":[{"embeddable":true,"href":"https:\/\/impregnum.se\/en\/wp-json\/wp\/v2\/media\/16310"}],"wp:attachment":[{"href":"https:\/\/impregnum.se\/en\/wp-json\/wp\/v2\/media?parent=14503"}],"curies":[{"name":"wp","href":"https:\/\/api.w.org\/{rel}","templated":true}]}}