{"id":14523,"date":"2019-08-15T09:38:31","date_gmt":"2019-08-15T07:38:31","guid":{"rendered":"https:\/\/impregnum.se\/?page_id=14523"},"modified":"2019-12-23T17:10:02","modified_gmt":"2019-12-23T16:10:02","slug":"tips-rad","status":"publish","type":"page","link":"https:\/\/impregnum.se\/en\/tips-rad\/","title":{"rendered":"TIPS &#038; R\u00c5D \u200b"},"content":{"rendered":"<div data-elementor-type=\"wp-post\" data-elementor-id=\"14523\" class=\"elementor elementor-14523\" data-elementor-post-type=\"page\">\n\t\t\t\t\t\t<section class=\"elementor-section elementor-top-section elementor-element elementor-element-482adde2 elementor-section-height-min-height elementor-section-stretched elementor-section-boxed elementor-section-height-default elementor-section-items-middle\" data-id=\"482adde2\" data-element_type=\"section\" data-settings=\"{&quot;background_background&quot;:&quot;classic&quot;,&quot;stretch_section&quot;:&quot;section-stretched&quot;,&quot;jet_parallax_layout_list&quot;:[{&quot;jet_parallax_layout_image&quot;:{&quot;url&quot;:&quot;&quot;,&quot;id&quot;:&quot;&quot;,&quot;size&quot;:&quot;&quot;},&quot;jet_parallax_layout_image_tablet&quot;:{&quot;url&quot;:&quot;&quot;,&quot;id&quot;:&quot;&quot;,&quot;size&quot;:&quot;&quot;},&quot;jet_parallax_layout_image_mobile&quot;:{&quot;url&quot;:&quot;&quot;,&quot;id&quot;:&quot;&quot;,&quot;size&quot;:&quot;&quot;},&quot;jet_parallax_layout_speed&quot;:{&quot;unit&quot;:&quot;%&quot;,&quot;size&quot;:50,&quot;sizes&quot;:[]},&quot;jet_parallax_layout_type&quot;:&quot;scroll&quot;,&quot;jet_parallax_layout_z_index&quot;:&quot;&quot;,&quot;jet_parallax_layout_bg_x&quot;:50,&quot;jet_parallax_layout_bg_y&quot;:50,&quot;jet_parallax_layout_bg_size&quot;:&quot;auto&quot;,&quot;jet_parallax_layout_animation_prop&quot;:&quot;transform&quot;,&quot;jet_parallax_layout_on&quot;:[&quot;desktop&quot;,&quot;tablet&quot;],&quot;_id&quot;:&quot;1bf93eb&quot;,&quot;jet_parallax_layout_direction&quot;:&quot;1&quot;,&quot;jet_parallax_layout_fx_direction&quot;:null,&quot;jet_parallax_layout_bg_x_tablet&quot;:&quot;&quot;,&quot;jet_parallax_layout_bg_x_mobile&quot;:&quot;&quot;,&quot;jet_parallax_layout_bg_y_tablet&quot;:&quot;&quot;,&quot;jet_parallax_layout_bg_y_mobile&quot;:&quot;&quot;,&quot;jet_parallax_layout_bg_size_tablet&quot;:&quot;&quot;,&quot;jet_parallax_layout_bg_size_mobile&quot;:&quot;&quot;}]}\">\n\t\t\t\t\t\t\t<div class=\"elementor-background-overlay\"><\/div>\n\t\t\t\t\t\t\t<div class=\"elementor-container elementor-column-gap-default\">\n\t\t\t\t\t<div class=\"elementor-column elementor-col-100 elementor-top-column elementor-element elementor-element-2a8fa20e\" data-id=\"2a8fa20e\" data-element_type=\"column\">\n\t\t\t<div class=\"elementor-widget-wrap elementor-element-populated\">\n\t\t\t\t\t\t<div class=\"elementor-element elementor-element-47c1d9b elementor-widget elementor-widget-spacer\" data-id=\"47c1d9b\" data-element_type=\"widget\" data-widget_type=\"spacer.default\">\n\t\t\t\t<div class=\"elementor-widget-container\">\n\t\t\t\t\t\t\t<div class=\"elementor-spacer\">\n\t\t\t<div class=\"elementor-spacer-inner\"><\/div>\n\t\t<\/div>\n\t\t\t\t\t\t<\/div>\n\t\t\t\t<\/div>\n\t\t\t\t<div class=\"elementor-element elementor-element-45404e2d animated-slow elementor-invisible elementor-widget elementor-widget-heading\" data-id=\"45404e2d\" data-element_type=\"widget\" data-settings=\"{&quot;_animation&quot;:&quot;fadeIn&quot;}\" data-widget_type=\"heading.default\">\n\t\t\t\t<div class=\"elementor-widget-container\">\n\t\t\t\t\t<h2 class=\"elementor-heading-title elementor-size-default\">TIPS &amp; R\u00c5D\u200b<\/h2>\t\t\t\t<\/div>\n\t\t\t\t<\/div>\n\t\t\t\t<div class=\"elementor-element elementor-element-7d0e60e0 elementor-widget elementor-widget-heading\" data-id=\"7d0e60e0\" data-element_type=\"widget\" data-widget_type=\"heading.default\">\n\t\t\t\t<div class=\"elementor-widget-container\">\n\t\t\t\t\t<h2 class=\"elementor-heading-title elementor-size-default\">TIPS N\u00c4R DU SKA K\u00d6PA <\/h2>\t\t\t\t<\/div>\n\t\t\t\t<\/div>\n\t\t\t\t<div class=\"elementor-element elementor-element-2b5a597 elementor-align-left elementor-mobile-align-center elementor-widget elementor-widget-button\" data-id=\"2b5a597\" data-element_type=\"widget\" data-widget_type=\"button.default\">\n\t\t\t\t<div class=\"elementor-widget-container\">\n\t\t\t\t\t\t\t\t\t<div class=\"elementor-button-wrapper\">\n\t\t\t\t\t<a class=\"elementor-button elementor-button-link elementor-size-sm\" href=\"\/en\/kontakta-oss\/\">\n\t\t\t\t\t\t<span class=\"elementor-button-content-wrapper\">\n\t\t\t\t\t\t\t\t\t<span class=\"elementor-button-text\">KONTAKTA OSS<\/span>\n\t\t\t\t\t<\/span>\n\t\t\t\t\t<\/a>\n\t\t\t\t<\/div>\n\t\t\t\t\t\t\t\t<\/div>\n\t\t\t\t<\/div>\n\t\t\t\t\t<\/div>\n\t\t<\/div>\n\t\t\t\t\t<\/div>\n\t\t<\/section>\n\t\t\t\t<section class=\"elementor-section elementor-top-section elementor-element elementor-element-5e45d662 elementor-section-stretched elementor-section-boxed elementor-section-height-default elementor-section-height-default\" data-id=\"5e45d662\" data-element_type=\"section\" data-settings=\"{&quot;stretch_section&quot;:&quot;section-stretched&quot;,&quot;jet_parallax_layout_list&quot;:[{&quot;jet_parallax_layout_image&quot;:{&quot;url&quot;:&quot;&quot;,&quot;id&quot;:&quot;&quot;,&quot;size&quot;:&quot;&quot;},&quot;_id&quot;:&quot;82f6976&quot;,&quot;jet_parallax_layout_image_tablet&quot;:{&quot;url&quot;:&quot;&quot;,&quot;id&quot;:&quot;&quot;,&quot;size&quot;:&quot;&quot;},&quot;jet_parallax_layout_image_mobile&quot;:{&quot;url&quot;:&quot;&quot;,&quot;id&quot;:&quot;&quot;,&quot;size&quot;:&quot;&quot;},&quot;jet_parallax_layout_speed&quot;:{&quot;unit&quot;:&quot;%&quot;,&quot;size&quot;:50,&quot;sizes&quot;:[]},&quot;jet_parallax_layout_type&quot;:&quot;scroll&quot;,&quot;jet_parallax_layout_z_index&quot;:&quot;&quot;,&quot;jet_parallax_layout_bg_x&quot;:50,&quot;jet_parallax_layout_bg_y&quot;:50,&quot;jet_parallax_layout_bg_size&quot;:&quot;auto&quot;,&quot;jet_parallax_layout_animation_prop&quot;:&quot;transform&quot;,&quot;jet_parallax_layout_on&quot;:[&quot;desktop&quot;,&quot;tablet&quot;],&quot;jet_parallax_layout_direction&quot;:&quot;1&quot;,&quot;jet_parallax_layout_fx_direction&quot;:null,&quot;jet_parallax_layout_bg_x_tablet&quot;:&quot;&quot;,&quot;jet_parallax_layout_bg_x_mobile&quot;:&quot;&quot;,&quot;jet_parallax_layout_bg_y_tablet&quot;:&quot;&quot;,&quot;jet_parallax_layout_bg_y_mobile&quot;:&quot;&quot;,&quot;jet_parallax_layout_bg_size_tablet&quot;:&quot;&quot;,&quot;jet_parallax_layout_bg_size_mobile&quot;:&quot;&quot;}],&quot;background_background&quot;:&quot;classic&quot;}\">\n\t\t\t\t\t\t<div class=\"elementor-container elementor-column-gap-default\">\n\t\t\t\t\t<div class=\"elementor-column elementor-col-100 elementor-top-column elementor-element elementor-element-37a04eef\" data-id=\"37a04eef\" data-element_type=\"column\">\n\t\t\t<div class=\"elementor-widget-wrap elementor-element-populated\">\n\t\t\t\t\t\t<div class=\"elementor-element elementor-element-165e141 elementor-widget elementor-widget-heading\" data-id=\"165e141\" data-element_type=\"widget\" data-widget_type=\"heading.default\">\n\t\t\t\t<div class=\"elementor-widget-container\">\n\t\t\t\t\t<h2 class=\"elementor-heading-title elementor-size-default\">TIPS N\u00c4R DU SKA K\u00d6PA <\/h2>\t\t\t\t<\/div>\n\t\t\t\t<\/div>\n\t\t\t\t<section class=\"elementor-section elementor-inner-section elementor-element elementor-element-31e9a23 elementor-section-boxed elementor-section-height-default elementor-section-height-default\" data-id=\"31e9a23\" data-element_type=\"section\" data-settings=\"{&quot;jet_parallax_layout_list&quot;:[{&quot;jet_parallax_layout_image&quot;:{&quot;url&quot;:&quot;&quot;,&quot;id&quot;:&quot;&quot;,&quot;size&quot;:&quot;&quot;},&quot;_id&quot;:&quot;b796479&quot;,&quot;jet_parallax_layout_image_tablet&quot;:{&quot;url&quot;:&quot;&quot;,&quot;id&quot;:&quot;&quot;,&quot;size&quot;:&quot;&quot;},&quot;jet_parallax_layout_image_mobile&quot;:{&quot;url&quot;:&quot;&quot;,&quot;id&quot;:&quot;&quot;,&quot;size&quot;:&quot;&quot;},&quot;jet_parallax_layout_speed&quot;:{&quot;unit&quot;:&quot;%&quot;,&quot;size&quot;:50,&quot;sizes&quot;:[]},&quot;jet_parallax_layout_type&quot;:&quot;scroll&quot;,&quot;jet_parallax_layout_z_index&quot;:&quot;&quot;,&quot;jet_parallax_layout_bg_x&quot;:50,&quot;jet_parallax_layout_bg_y&quot;:50,&quot;jet_parallax_layout_bg_size&quot;:&quot;auto&quot;,&quot;jet_parallax_layout_animation_prop&quot;:&quot;transform&quot;,&quot;jet_parallax_layout_on&quot;:[&quot;desktop&quot;,&quot;tablet&quot;],&quot;jet_parallax_layout_direction&quot;:&quot;1&quot;,&quot;jet_parallax_layout_fx_direction&quot;:null,&quot;jet_parallax_layout_bg_x_tablet&quot;:&quot;&quot;,&quot;jet_parallax_layout_bg_x_mobile&quot;:&quot;&quot;,&quot;jet_parallax_layout_bg_y_tablet&quot;:&quot;&quot;,&quot;jet_parallax_layout_bg_y_mobile&quot;:&quot;&quot;,&quot;jet_parallax_layout_bg_size_tablet&quot;:&quot;&quot;,&quot;jet_parallax_layout_bg_size_mobile&quot;:&quot;&quot;}]}\">\n\t\t\t\t\t\t<div class=\"elementor-container elementor-column-gap-default\">\n\t\t\t\t\t<div class=\"elementor-column elementor-col-50 elementor-inner-column elementor-element elementor-element-1f93bd3\" data-id=\"1f93bd3\" data-element_type=\"column\">\n\t\t\t<div class=\"elementor-widget-wrap elementor-element-populated\">\n\t\t\t\t\t\t<div class=\"elementor-element elementor-element-e2af544 elementor-widget elementor-widget-text-editor\" data-id=\"e2af544\" data-element_type=\"widget\" data-widget_type=\"text-editor.default\">\n\t\t\t\t<div class=\"elementor-widget-container\">\n\t\t\t\t\t\t\t\t\t<p><strong>Ska du renovera hemma och beh\u00f6ver\u00a0 till ditt hem? Ta del av v\u00e5ra 10 tips innan du k\u00f6per\u00a0<\/strong><\/p><p>\u00a0<\/p>\t\t\t\t\t\t\t\t<\/div>\n\t\t\t\t<\/div>\n\t\t\t\t\t<\/div>\n\t\t<\/div>\n\t\t\t\t<div class=\"elementor-column elementor-col-50 elementor-inner-column elementor-element elementor-element-7b4929a\" data-id=\"7b4929a\" data-element_type=\"column\">\n\t\t\t<div class=\"elementor-widget-wrap elementor-element-populated\">\n\t\t\t\t\t\t<div class=\"elementor-element elementor-element-44ecc45 elementor-widget elementor-widget-image\" data-id=\"44ecc45\" data-element_type=\"widget\" data-widget_type=\"image.default\">\n\t\t\t\t<div class=\"elementor-widget-container\">\n\t\t\t\t\t\t\t\t\t\t\t\t\t\t\t\t<a href=\"https:\/\/impregnum.se\/wp-content\/uploads\/size.png\" data-elementor-open-lightbox=\"yes\" data-e-action-hash=\"#elementor-action%3Aaction%3Dlightbox%26settings%3DeyJpZCI6MTQ1NjIsInVybCI6ZmFsc2V9\">\n\t\t\t\t\t\t\t<img decoding=\"async\" src=\"https:\/\/impregnum.se\/wp-content\/uploads\/size.png\" title=\"\" alt=\"\" class=\"elementor-animation-bob\" loading=\"lazy\" \/>\t\t\t\t\t\t\t\t<\/a>\n\t\t\t\t\t\t\t\t\t\t\t\t\t\t\t<\/div>\n\t\t\t\t<\/div>\n\t\t\t\t\t<\/div>\n\t\t<\/div>\n\t\t\t\t\t<\/div>\n\t\t<\/section>\n\t\t\t\t<div class=\"elementor-element elementor-element-d6ae635 elementor-align-right elementor-mobile-align-center elementor-widget elementor-widget-button\" data-id=\"d6ae635\" data-element_type=\"widget\" data-widget_type=\"button.default\">\n\t\t\t\t<div class=\"elementor-widget-container\">\n\t\t\t\t\t\t\t\t\t<div class=\"elementor-button-wrapper\">\n\t\t\t\t\t<a class=\"elementor-button elementor-button-link elementor-size-sm\" href=\"\/en\/kontakta-oss\/\">\n\t\t\t\t\t\t<span class=\"elementor-button-content-wrapper\">\n\t\t\t\t\t\t\t\t\t<span class=\"elementor-button-text\">KONTAKTA OSS<\/span>\n\t\t\t\t\t<\/span>\n\t\t\t\t\t<\/a>\n\t\t\t\t<\/div>\n\t\t\t\t\t\t\t\t<\/div>\n\t\t\t\t<\/div>\n\t\t\t\t\t<\/div>\n\t\t<\/div>\n\t\t\t\t\t<\/div>\n\t\t<\/section>\n\t\t\t\t<\/div>","protected":false},"excerpt":{"rendered":"<p>TIPS &#038; R\u00c5D\u200b TIPS N\u00c4R DU SKA K\u00d6PA KONTAKTA OSS TIPS N\u00c4R DU SKA K\u00d6PA Ska du renovera hemma och beh\u00f6ver\u00a0 till ditt hem? Ta del av v\u00e5ra 10 tips innan du k\u00f6per\u00a0 \u00a0 KONTAKTA OSS<\/p>","protected":false},"author":2,"featured_media":0,"parent":0,"menu_order":0,"comment_status":"closed","ping_status":"closed","template":"elementor_header_footer","meta":{"_acf_changed":false,"footnotes":""},"class_list":["post-14523","page","type-page","status-publish","hentry"],"acf":[],"yoast_head":"<!-- This site is optimized with the Yoast SEO plugin v26.8 - https:\/\/yoast.com\/product\/yoast-seo-wordpress\/ -->\n<title>TIPS &amp; R\u00c5D \u200b - Impregnum AB<\/title>\n<meta name=\"robots\" content=\"index, follow, max-snippet:-1, max-image-preview:large, max-video-preview:-1\" \/>\n<link rel=\"canonical\" href=\"https:\/\/impregnum.se\/en\/tips-rad\/\" \/>\n<meta property=\"og:locale\" content=\"en_US\" \/>\n<meta property=\"og:type\" content=\"article\" \/>\n<meta property=\"og:title\" content=\"TIPS &amp; R\u00c5D \u200b - Impregnum AB\" \/>\n<meta property=\"og:description\" content=\"TIPS &#038; R\u00c5D\u200b TIPS N\u00c4R DU SKA K\u00d6PA KONTAKTA OSS TIPS N\u00c4R DU SKA K\u00d6PA Ska du renovera hemma och beh\u00f6ver\u00a0 till ditt hem? Ta del av v\u00e5ra 10 tips innan du k\u00f6per\u00a0 \u00a0 KONTAKTA OSS\" \/>\n<meta property=\"og:url\" content=\"https:\/\/impregnum.se\/en\/tips-rad\/\" \/>\n<meta property=\"og:site_name\" content=\"Impregnum AB\" \/>\n<meta property=\"article:modified_time\" content=\"2019-12-23T16:10:02+00:00\" \/>\n<meta property=\"og:image\" content=\"https:\/\/impregnum.se\/wp-content\/uploads\/size.png\" \/>\n<meta name=\"twitter:card\" content=\"summary_large_image\" \/>\n<script type=\"application\/ld+json\" class=\"yoast-schema-graph\">{\"@context\":\"https:\/\/schema.org\",\"@graph\":[{\"@type\":\"WebPage\",\"@id\":\"https:\/\/impregnum.se\/en\/tips-rad\/\",\"url\":\"https:\/\/impregnum.se\/en\/tips-rad\/\",\"name\":\"TIPS & R\u00c5D \u200b - Impregnum AB\",\"isPartOf\":{\"@id\":\"https:\/\/impregnum.se\/#website\"},\"primaryImageOfPage\":{\"@id\":\"https:\/\/impregnum.se\/en\/tips-rad\/#primaryimage\"},\"image\":{\"@id\":\"https:\/\/impregnum.se\/en\/tips-rad\/#primaryimage\"},\"thumbnailUrl\":\"https:\/\/impregnum.se\/wp-content\/uploads\/size.png\",\"datePublished\":\"2019-08-15T07:38:31+00:00\",\"dateModified\":\"2019-12-23T16:10:02+00:00\",\"breadcrumb\":{\"@id\":\"https:\/\/impregnum.se\/en\/tips-rad\/#breadcrumb\"},\"inLanguage\":\"en-US\",\"potentialAction\":[{\"@type\":\"ReadAction\",\"target\":[\"https:\/\/impregnum.se\/en\/tips-rad\/\"]}]},{\"@type\":\"ImageObject\",\"inLanguage\":\"en-US\",\"@id\":\"https:\/\/impregnum.se\/en\/tips-rad\/#primaryimage\",\"url\":\"https:\/\/impregnum.se\/wp-content\/uploads\/size.png\",\"contentUrl\":\"https:\/\/impregnum.se\/wp-content\/uploads\/size.png\"},{\"@type\":\"BreadcrumbList\",\"@id\":\"https:\/\/impregnum.se\/en\/tips-rad\/#breadcrumb\",\"itemListElement\":[{\"@type\":\"ListItem\",\"position\":1,\"name\":\"Home\",\"item\":\"https:\/\/impregnum.se\/\"},{\"@type\":\"ListItem\",\"position\":2,\"name\":\"TIPS &#038; R\u00c5D \u200b\"}]},{\"@type\":\"WebSite\",\"@id\":\"https:\/\/impregnum.se\/#website\",\"url\":\"https:\/\/impregnum.se\/\",\"name\":\"Impregnum AB\",\"description\":\"impregnum.se\",\"publisher\":{\"@id\":\"https:\/\/impregnum.se\/#organization\"},\"potentialAction\":[{\"@type\":\"SearchAction\",\"target\":{\"@type\":\"EntryPoint\",\"urlTemplate\":\"https:\/\/impregnum.se\/?s={search_term_string}\"},\"query-input\":{\"@type\":\"PropertyValueSpecification\",\"valueRequired\":true,\"valueName\":\"search_term_string\"}}],\"inLanguage\":\"en-US\"},{\"@type\":\"Organization\",\"@id\":\"https:\/\/impregnum.se\/#organization\",\"name\":\"https:\/\/impregnum.se\/\",\"url\":\"https:\/\/impregnum.se\/\",\"logo\":{\"@type\":\"ImageObject\",\"inLanguage\":\"en-US\",\"@id\":\"https:\/\/impregnum.se\/#\/schema\/logo\/image\/\",\"url\":\"https:\/\/impregnum.se\/wp-content\/uploads\/impregnum-logo-nya.png\",\"contentUrl\":\"https:\/\/impregnum.se\/wp-content\/uploads\/impregnum-logo-nya.png\",\"width\":1879,\"height\":521,\"caption\":\"https:\/\/impregnum.se\/\"},\"image\":{\"@id\":\"https:\/\/impregnum.se\/#\/schema\/logo\/image\/\"}}]}<\/script>\n<!-- \/ Yoast SEO plugin. -->","yoast_head_json":{"title":"TIPS & R\u00c5D \u200b - Impregnum AB","robots":{"index":"index","follow":"follow","max-snippet":"max-snippet:-1","max-image-preview":"max-image-preview:large","max-video-preview":"max-video-preview:-1"},"canonical":"https:\/\/impregnum.se\/en\/tips-rad\/","og_locale":"en_US","og_type":"article","og_title":"TIPS & R\u00c5D \u200b - Impregnum AB","og_description":"TIPS &#038; R\u00c5D\u200b TIPS N\u00c4R DU SKA K\u00d6PA KONTAKTA OSS TIPS N\u00c4R DU SKA K\u00d6PA Ska du renovera hemma och beh\u00f6ver\u00a0 till ditt hem? Ta del av v\u00e5ra 10 tips innan du k\u00f6per\u00a0 \u00a0 KONTAKTA OSS","og_url":"https:\/\/impregnum.se\/en\/tips-rad\/","og_site_name":"Impregnum AB","article_modified_time":"2019-12-23T16:10:02+00:00","og_image":[{"url":"https:\/\/impregnum.se\/wp-content\/uploads\/size.png","type":"","width":"","height":""}],"twitter_card":"summary_large_image","schema":{"@context":"https:\/\/schema.org","@graph":[{"@type":"WebPage","@id":"https:\/\/impregnum.se\/en\/tips-rad\/","url":"https:\/\/impregnum.se\/en\/tips-rad\/","name":"TIPS & R\u00c5D \u200b - Impregnum AB","isPartOf":{"@id":"https:\/\/impregnum.se\/#website"},"primaryImageOfPage":{"@id":"https:\/\/impregnum.se\/en\/tips-rad\/#primaryimage"},"image":{"@id":"https:\/\/impregnum.se\/en\/tips-rad\/#primaryimage"},"thumbnailUrl":"https:\/\/impregnum.se\/wp-content\/uploads\/size.png","datePublished":"2019-08-15T07:38:31+00:00","dateModified":"2019-12-23T16:10:02+00:00","breadcrumb":{"@id":"https:\/\/impregnum.se\/en\/tips-rad\/#breadcrumb"},"inLanguage":"en-US","potentialAction":[{"@type":"ReadAction","target":["https:\/\/impregnum.se\/en\/tips-rad\/"]}]},{"@type":"ImageObject","inLanguage":"en-US","@id":"https:\/\/impregnum.se\/en\/tips-rad\/#primaryimage","url":"https:\/\/impregnum.se\/wp-content\/uploads\/size.png","contentUrl":"https:\/\/impregnum.se\/wp-content\/uploads\/size.png"},{"@type":"BreadcrumbList","@id":"https:\/\/impregnum.se\/en\/tips-rad\/#breadcrumb","itemListElement":[{"@type":"ListItem","position":1,"name":"Home","item":"https:\/\/impregnum.se\/"},{"@type":"ListItem","position":2,"name":"TIPS &#038; R\u00c5D \u200b"}]},{"@type":"WebSite","@id":"https:\/\/impregnum.se\/#website","url":"https:\/\/impregnum.se\/","name":"Impregnum AB","description":"impregnum.se","publisher":{"@id":"https:\/\/impregnum.se\/#organization"},"potentialAction":[{"@type":"SearchAction","target":{"@type":"EntryPoint","urlTemplate":"https:\/\/impregnum.se\/?s={search_term_string}"},"query-input":{"@type":"PropertyValueSpecification","valueRequired":true,"valueName":"search_term_string"}}],"inLanguage":"en-US"},{"@type":"Organization","@id":"https:\/\/impregnum.se\/#organization","name":"https:\/\/impregnum.se\/","url":"https:\/\/impregnum.se\/","logo":{"@type":"ImageObject","inLanguage":"en-US","@id":"https:\/\/impregnum.se\/#\/schema\/logo\/image\/","url":"https:\/\/impregnum.se\/wp-content\/uploads\/impregnum-logo-nya.png","contentUrl":"https:\/\/impregnum.se\/wp-content\/uploads\/impregnum-logo-nya.png","width":1879,"height":521,"caption":"https:\/\/impregnum.se\/"},"image":{"@id":"https:\/\/impregnum.se\/#\/schema\/logo\/image\/"}}]}},"_links":{"self":[{"href":"https:\/\/impregnum.se\/en\/wp-json\/wp\/v2\/pages\/14523","targetHints":{"allow":["GET"]}}],"collection":[{"href":"https:\/\/impregnum.se\/en\/wp-json\/wp\/v2\/pages"}],"about":[{"href":"https:\/\/impregnum.se\/en\/wp-json\/wp\/v2\/types\/page"}],"author":[{"embeddable":true,"href":"https:\/\/impregnum.se\/en\/wp-json\/wp\/v2\/users\/2"}],"replies":[{"embeddable":true,"href":"https:\/\/impregnum.se\/en\/wp-json\/wp\/v2\/comments?post=14523"}],"version-history":[{"count":25,"href":"https:\/\/impregnum.se\/en\/wp-json\/wp\/v2\/pages\/14523\/revisions"}],"predecessor-version":[{"id":17127,"href":"https:\/\/impregnum.se\/en\/wp-json\/wp\/v2\/pages\/14523\/revisions\/17127"}],"wp:attachment":[{"href":"https:\/\/impregnum.se\/en\/wp-json\/wp\/v2\/media?parent=14523"}],"curies":[{"name":"wp","href":"https:\/\/api.w.org\/{rel}","templated":true}]}}