{"id":16891,"date":"2019-10-10T13:36:05","date_gmt":"2019-10-10T11:36:05","guid":{"rendered":"https:\/\/impregnum.se\/?page_id=16891"},"modified":"2019-12-04T10:52:15","modified_gmt":"2019-12-04T09:52:15","slug":"traskydd-wood-protection","status":"publish","type":"page","link":"https:\/\/impregnum.se\/en\/traskydd-wood-protection\/","title":{"rendered":"Tr\u00e4skydd &#8211; Wood Protection"},"content":{"rendered":"<div data-elementor-type=\"wp-page\" data-elementor-id=\"16891\" class=\"elementor elementor-16891\" data-elementor-post-type=\"page\">\n\t\t\t\t\t\t<section class=\"elementor-section elementor-top-section elementor-element elementor-element-3d765db elementor-section-height-min-height elementor-section-stretched elementor-section-boxed elementor-section-height-default elementor-section-items-middle\" data-id=\"3d765db\" data-element_type=\"section\" data-settings=\"{&quot;background_background&quot;:&quot;classic&quot;,&quot;stretch_section&quot;:&quot;section-stretched&quot;,&quot;jet_parallax_layout_list&quot;:[{&quot;jet_parallax_layout_image&quot;:{&quot;url&quot;:&quot;&quot;,&quot;id&quot;:&quot;&quot;,&quot;size&quot;:&quot;&quot;},&quot;jet_parallax_layout_image_tablet&quot;:{&quot;url&quot;:&quot;&quot;,&quot;id&quot;:&quot;&quot;,&quot;size&quot;:&quot;&quot;},&quot;jet_parallax_layout_image_mobile&quot;:{&quot;url&quot;:&quot;&quot;,&quot;id&quot;:&quot;&quot;,&quot;size&quot;:&quot;&quot;},&quot;jet_parallax_layout_speed&quot;:{&quot;unit&quot;:&quot;%&quot;,&quot;size&quot;:&quot;50&quot;,&quot;sizes&quot;:[]},&quot;jet_parallax_layout_type&quot;:&quot;scroll&quot;,&quot;jet_parallax_layout_z_index&quot;:&quot;&quot;,&quot;jet_parallax_layout_bg_x&quot;:&quot;50&quot;,&quot;jet_parallax_layout_bg_y&quot;:&quot;50&quot;,&quot;jet_parallax_layout_bg_size&quot;:&quot;auto&quot;,&quot;jet_parallax_layout_animation_prop&quot;:&quot;transform&quot;,&quot;jet_parallax_layout_on&quot;:[&quot;desktop&quot;,&quot;tablet&quot;],&quot;_id&quot;:&quot;1bf93eb&quot;,&quot;jet_parallax_layout_direction&quot;:&quot;1&quot;,&quot;jet_parallax_layout_fx_direction&quot;:null,&quot;jet_parallax_layout_bg_x_tablet&quot;:&quot;&quot;,&quot;jet_parallax_layout_bg_x_mobile&quot;:&quot;&quot;,&quot;jet_parallax_layout_bg_y_tablet&quot;:&quot;&quot;,&quot;jet_parallax_layout_bg_y_mobile&quot;:&quot;&quot;,&quot;jet_parallax_layout_bg_size_tablet&quot;:&quot;&quot;,&quot;jet_parallax_layout_bg_size_mobile&quot;:&quot;&quot;}]}\">\n\t\t\t\t\t\t\t<div class=\"elementor-background-overlay\"><\/div>\n\t\t\t\t\t\t\t<div class=\"elementor-container elementor-column-gap-default\">\n\t\t\t\t\t<div class=\"elementor-column elementor-col-100 elementor-top-column elementor-element elementor-element-cb0063b\" data-id=\"cb0063b\" data-element_type=\"column\">\n\t\t\t<div class=\"elementor-widget-wrap elementor-element-populated\">\n\t\t\t\t\t\t<div class=\"elementor-element elementor-element-53beb34 elementor-widget elementor-widget-spacer\" data-id=\"53beb34\" data-element_type=\"widget\" data-widget_type=\"spacer.default\">\n\t\t\t\t<div class=\"elementor-widget-container\">\n\t\t\t\t\t\t\t<div class=\"elementor-spacer\">\n\t\t\t<div class=\"elementor-spacer-inner\"><\/div>\n\t\t<\/div>\n\t\t\t\t\t\t<\/div>\n\t\t\t\t<\/div>\n\t\t\t\t<div class=\"elementor-element elementor-element-def0508 animated-slow elementor-invisible elementor-widget elementor-widget-heading\" data-id=\"def0508\" data-element_type=\"widget\" data-settings=\"{&quot;_animation&quot;:&quot;fadeIn&quot;}\" data-widget_type=\"heading.default\">\n\t\t\t\t<div class=\"elementor-widget-container\">\n\t\t\t\t\t<h2 class=\"elementor-heading-title elementor-size-default\">Tr\u00e4skydd &#8211; Wood Protection<\/h2>\t\t\t\t<\/div>\n\t\t\t\t<\/div>\n\t\t\t\t<div class=\"elementor-element elementor-element-ebb080c elementor-widget elementor-widget-heading\" data-id=\"ebb080c\" data-element_type=\"widget\" data-widget_type=\"heading.default\">\n\t\t\t\t<div class=\"elementor-widget-container\">\n\t\t\t\t\t<h2 class=\"elementor-heading-title elementor-size-default\">Impregnum AB<\/h2>\t\t\t\t<\/div>\n\t\t\t\t<\/div>\n\t\t\t\t<div class=\"elementor-element elementor-element-fa21859 elementor-align-left elementor-mobile-align-center elementor-widget elementor-widget-button\" data-id=\"fa21859\" data-element_type=\"widget\" data-widget_type=\"button.default\">\n\t\t\t\t<div class=\"elementor-widget-container\">\n\t\t\t\t\t\t\t\t\t<div class=\"elementor-button-wrapper\">\n\t\t\t\t\t<a class=\"elementor-button elementor-button-link elementor-size-sm\" href=\"\/en\/kontakta-oss\/\">\n\t\t\t\t\t\t<span class=\"elementor-button-content-wrapper\">\n\t\t\t\t\t\t\t\t\t<span class=\"elementor-button-text\">KONTAKTA OSS<\/span>\n\t\t\t\t\t<\/span>\n\t\t\t\t\t<\/a>\n\t\t\t\t<\/div>\n\t\t\t\t\t\t\t\t<\/div>\n\t\t\t\t<\/div>\n\t\t\t\t\t<\/div>\n\t\t<\/div>\n\t\t\t\t\t<\/div>\n\t\t<\/section>\n\t\t\t\t<section class=\"elementor-section elementor-top-section elementor-element elementor-element-092d4f3 elementor-section-boxed elementor-section-height-default elementor-section-height-default\" data-id=\"092d4f3\" data-element_type=\"section\" data-settings=\"{&quot;jet_parallax_layout_list&quot;:[{&quot;jet_parallax_layout_image&quot;:{&quot;url&quot;:&quot;&quot;,&quot;id&quot;:&quot;&quot;,&quot;size&quot;:&quot;&quot;},&quot;_id&quot;:&quot;cc85151&quot;,&quot;jet_parallax_layout_image_tablet&quot;:{&quot;url&quot;:&quot;&quot;,&quot;id&quot;:&quot;&quot;,&quot;size&quot;:&quot;&quot;},&quot;jet_parallax_layout_image_mobile&quot;:{&quot;url&quot;:&quot;&quot;,&quot;id&quot;:&quot;&quot;,&quot;size&quot;:&quot;&quot;},&quot;jet_parallax_layout_speed&quot;:{&quot;unit&quot;:&quot;%&quot;,&quot;size&quot;:&quot;50&quot;,&quot;sizes&quot;:[]},&quot;jet_parallax_layout_type&quot;:&quot;scroll&quot;,&quot;jet_parallax_layout_z_index&quot;:&quot;&quot;,&quot;jet_parallax_layout_bg_x&quot;:&quot;50&quot;,&quot;jet_parallax_layout_bg_y&quot;:&quot;50&quot;,&quot;jet_parallax_layout_bg_size&quot;:&quot;auto&quot;,&quot;jet_parallax_layout_animation_prop&quot;:&quot;transform&quot;,&quot;jet_parallax_layout_on&quot;:[&quot;desktop&quot;,&quot;tablet&quot;],&quot;jet_parallax_layout_direction&quot;:&quot;1&quot;,&quot;jet_parallax_layout_fx_direction&quot;:null,&quot;jet_parallax_layout_bg_x_tablet&quot;:&quot;&quot;,&quot;jet_parallax_layout_bg_x_mobile&quot;:&quot;&quot;,&quot;jet_parallax_layout_bg_y_tablet&quot;:&quot;&quot;,&quot;jet_parallax_layout_bg_y_mobile&quot;:&quot;&quot;,&quot;jet_parallax_layout_bg_size_tablet&quot;:&quot;&quot;,&quot;jet_parallax_layout_bg_size_mobile&quot;:&quot;&quot;}]}\">\n\t\t\t\t\t\t<div class=\"elementor-container elementor-column-gap-default\">\n\t\t\t\t\t<div class=\"elementor-column elementor-col-50 elementor-top-column elementor-element elementor-element-eee5661\" data-id=\"eee5661\" data-element_type=\"column\">\n\t\t\t<div class=\"elementor-widget-wrap elementor-element-populated\">\n\t\t\t\t\t\t<div class=\"elementor-element elementor-element-397059b elementor-widget elementor-widget-heading\" data-id=\"397059b\" data-element_type=\"widget\" data-widget_type=\"heading.default\">\n\t\t\t\t<div class=\"elementor-widget-container\">\n\t\t\t\t\t<h2 class=\"elementor-heading-title elementor-size-default\">Tr\u00e4skydd<\/h2>\t\t\t\t<\/div>\n\t\t\t\t<\/div>\n\t\t\t\t<div class=\"elementor-element elementor-element-00ff03a elementor-widget elementor-widget-text-editor\" data-id=\"00ff03a\" data-element_type=\"widget\" data-widget_type=\"text-editor.default\">\n\t\t\t\t<div class=\"elementor-widget-container\">\n\t\t\t\t\t\t\t\t\t<p>Tr\u00e4skydd<\/p>\t\t\t\t\t\t\t\t<\/div>\n\t\t\t\t<\/div>\n\t\t\t\t\t<\/div>\n\t\t<\/div>\n\t\t\t\t<div class=\"elementor-column elementor-col-50 elementor-top-column elementor-element elementor-element-acd8472\" data-id=\"acd8472\" data-element_type=\"column\">\n\t\t\t<div class=\"elementor-widget-wrap elementor-element-populated\">\n\t\t\t\t\t\t<div class=\"elementor-element elementor-element-0726635 elementor-widget elementor-widget-image\" data-id=\"0726635\" data-element_type=\"widget\" data-widget_type=\"image.default\">\n\t\t\t\t<div class=\"elementor-widget-container\">\n\t\t\t\t\t\t\t\t\t\t\t\t\t\t\t\t<a href=\"https:\/\/impregnum.se\/wp-content\/uploads\/IMG_0449.jpg\" data-elementor-open-lightbox=\"yes\" data-elementor-lightbox-title=\"IMG_0449\" data-e-action-hash=\"#elementor-action%3Aaction%3Dlightbox%26settings%3DeyJpZCI6IjE2ODk1IiwidXJsIjoiaHR0cHM6XC9cL2ltcHJlZ251bS5zZVwvd3AtY29udGVudFwvdXBsb2Fkc1wvSU1HXzA0NDkuanBnIn0%3D\">\n\t\t\t\t\t\t\t<img fetchpriority=\"high\" decoding=\"async\" width=\"640\" height=\"480\" src=\"https:\/\/impregnum.se\/wp-content\/uploads\/IMG_0449.jpg\" class=\"elementor-animation-bob attachment-large size-large wp-image-16895\" alt=\"\" srcset=\"https:\/\/impregnum.se\/wp-content\/uploads\/IMG_0449.jpg 640w, https:\/\/impregnum.se\/wp-content\/uploads\/IMG_0449-300x225.jpg 300w, https:\/\/impregnum.se\/wp-content\/uploads\/IMG_0449-480x360.jpg 480w\" sizes=\"(max-width: 640px) 100vw, 640px\" \/>\t\t\t\t\t\t\t\t<\/a>\n\t\t\t\t\t\t\t\t\t\t\t\t\t\t\t<\/div>\n\t\t\t\t<\/div>\n\t\t\t\t\t<\/div>\n\t\t<\/div>\n\t\t\t\t\t<\/div>\n\t\t<\/section>\n\t\t\t\t<section class=\"elementor-section elementor-top-section elementor-element elementor-element-4b8435d elementor-section-boxed elementor-section-height-default elementor-section-height-default\" data-id=\"4b8435d\" data-element_type=\"section\" data-settings=\"{&quot;jet_parallax_layout_list&quot;:[{&quot;jet_parallax_layout_image&quot;:{&quot;url&quot;:&quot;&quot;,&quot;id&quot;:&quot;&quot;,&quot;size&quot;:&quot;&quot;},&quot;_id&quot;:&quot;cc85151&quot;,&quot;jet_parallax_layout_image_tablet&quot;:{&quot;url&quot;:&quot;&quot;,&quot;id&quot;:&quot;&quot;,&quot;size&quot;:&quot;&quot;},&quot;jet_parallax_layout_image_mobile&quot;:{&quot;url&quot;:&quot;&quot;,&quot;id&quot;:&quot;&quot;,&quot;size&quot;:&quot;&quot;},&quot;jet_parallax_layout_speed&quot;:{&quot;unit&quot;:&quot;%&quot;,&quot;size&quot;:&quot;50&quot;,&quot;sizes&quot;:[]},&quot;jet_parallax_layout_type&quot;:&quot;scroll&quot;,&quot;jet_parallax_layout_z_index&quot;:&quot;&quot;,&quot;jet_parallax_layout_bg_x&quot;:&quot;50&quot;,&quot;jet_parallax_layout_bg_y&quot;:&quot;50&quot;,&quot;jet_parallax_layout_bg_size&quot;:&quot;auto&quot;,&quot;jet_parallax_layout_animation_prop&quot;:&quot;transform&quot;,&quot;jet_parallax_layout_on&quot;:[&quot;desktop&quot;,&quot;tablet&quot;],&quot;jet_parallax_layout_direction&quot;:&quot;1&quot;,&quot;jet_parallax_layout_fx_direction&quot;:null,&quot;jet_parallax_layout_bg_x_tablet&quot;:&quot;&quot;,&quot;jet_parallax_layout_bg_x_mobile&quot;:&quot;&quot;,&quot;jet_parallax_layout_bg_y_tablet&quot;:&quot;&quot;,&quot;jet_parallax_layout_bg_y_mobile&quot;:&quot;&quot;,&quot;jet_parallax_layout_bg_size_tablet&quot;:&quot;&quot;,&quot;jet_parallax_layout_bg_size_mobile&quot;:&quot;&quot;}]}\">\n\t\t\t\t\t\t<div class=\"elementor-container elementor-column-gap-default\">\n\t\t\t\t\t<div class=\"elementor-column elementor-col-50 elementor-top-column elementor-element elementor-element-507cea0\" data-id=\"507cea0\" data-element_type=\"column\">\n\t\t\t<div class=\"elementor-widget-wrap\">\n\t\t\t\t\t\t\t<\/div>\n\t\t<\/div>\n\t\t\t\t<div class=\"elementor-column elementor-col-50 elementor-top-column elementor-element elementor-element-4843076\" data-id=\"4843076\" data-element_type=\"column\">\n\t\t\t<div class=\"elementor-widget-wrap elementor-element-populated\">\n\t\t\t\t\t\t<div class=\"elementor-element elementor-element-5e7e9a6 elementor-widget elementor-widget-image\" data-id=\"5e7e9a6\" data-element_type=\"widget\" data-widget_type=\"image.default\">\n\t\t\t\t<div class=\"elementor-widget-container\">\n\t\t\t\t\t\t\t\t\t\t\t\t\t\t\t\t<a href=\"https:\/\/impregnum.se\/wp-content\/uploads\/IMG_0448.jpeg\" data-elementor-open-lightbox=\"yes\" data-elementor-lightbox-title=\"IMG_0448\" data-e-action-hash=\"#elementor-action%3Aaction%3Dlightbox%26settings%3DeyJpZCI6IjE2ODk2IiwidXJsIjoiaHR0cHM6XC9cL2ltcHJlZ251bS5zZVwvd3AtY29udGVudFwvdXBsb2Fkc1wvSU1HXzA0NDguanBlZyJ9\">\n\t\t\t\t\t\t\t<img decoding=\"async\" width=\"640\" height=\"480\" src=\"https:\/\/impregnum.se\/wp-content\/uploads\/IMG_0448.jpeg\" class=\"elementor-animation-bob attachment-large size-large wp-image-16896\" alt=\"\" srcset=\"https:\/\/impregnum.se\/wp-content\/uploads\/IMG_0448.jpeg 640w, https:\/\/impregnum.se\/wp-content\/uploads\/IMG_0448-300x225.jpeg 300w, https:\/\/impregnum.se\/wp-content\/uploads\/IMG_0448-480x360.jpeg 480w\" sizes=\"(max-width: 640px) 100vw, 640px\" \/>\t\t\t\t\t\t\t\t<\/a>\n\t\t\t\t\t\t\t\t\t\t\t\t\t\t\t<\/div>\n\t\t\t\t<\/div>\n\t\t\t\t\t<\/div>\n\t\t<\/div>\n\t\t\t\t\t<\/div>\n\t\t<\/section>\n\t\t\t\t<\/div>","protected":false},"excerpt":{"rendered":"<p>KONTAKTA OSS Tr\u00e4skydd Tr\u00e4skydd<\/p>","protected":false},"author":2,"featured_media":16896,"parent":0,"menu_order":0,"comment_status":"closed","ping_status":"closed","template":"elementor_header_footer","meta":{"_acf_changed":false,"footnotes":""},"class_list":["post-16891","page","type-page","status-publish","has-post-thumbnail","hentry"],"acf":[],"yoast_head":"<!-- This site is optimized with the Yoast SEO plugin v26.8 - https:\/\/yoast.com\/product\/yoast-seo-wordpress\/ -->\n<title>Tr\u00e4skydd - Wood Protection - Impregnum AB<\/title>\n<meta name=\"robots\" content=\"index, follow, max-snippet:-1, max-image-preview:large, max-video-preview:-1\" \/>\n<link rel=\"canonical\" href=\"https:\/\/impregnum.se\/en\/traskydd-wood-protection\/\" \/>\n<meta property=\"og:locale\" content=\"en_US\" \/>\n<meta property=\"og:type\" content=\"article\" \/>\n<meta property=\"og:title\" content=\"Tr\u00e4skydd - Wood Protection - Impregnum AB\" \/>\n<meta property=\"og:description\" content=\"KONTAKTA OSS Tr\u00e4skydd Tr\u00e4skydd\" \/>\n<meta property=\"og:url\" content=\"https:\/\/impregnum.se\/en\/traskydd-wood-protection\/\" \/>\n<meta property=\"og:site_name\" content=\"Impregnum AB\" \/>\n<meta property=\"article:modified_time\" content=\"2019-12-04T09:52:15+00:00\" \/>\n<meta property=\"og:image\" content=\"https:\/\/impregnum.se\/wp-content\/uploads\/IMG_0448.jpeg\" \/>\n\t<meta property=\"og:image:width\" content=\"640\" \/>\n\t<meta property=\"og:image:height\" content=\"480\" \/>\n\t<meta property=\"og:image:type\" content=\"image\/jpeg\" \/>\n<meta name=\"twitter:card\" content=\"summary_large_image\" \/>\n<script type=\"application\/ld+json\" class=\"yoast-schema-graph\">{\"@context\":\"https:\/\/schema.org\",\"@graph\":[{\"@type\":\"WebPage\",\"@id\":\"https:\/\/impregnum.se\/traskydd-wood-protection\/\",\"url\":\"https:\/\/impregnum.se\/traskydd-wood-protection\/\",\"name\":\"Tr\u00e4skydd - Wood Protection - Impregnum AB\",\"isPartOf\":{\"@id\":\"https:\/\/impregnum.se\/#website\"},\"primaryImageOfPage\":{\"@id\":\"https:\/\/impregnum.se\/traskydd-wood-protection\/#primaryimage\"},\"image\":{\"@id\":\"https:\/\/impregnum.se\/traskydd-wood-protection\/#primaryimage\"},\"thumbnailUrl\":\"https:\/\/impregnum.se\/wp-content\/uploads\/IMG_0448.jpeg\",\"datePublished\":\"2019-10-10T11:36:05+00:00\",\"dateModified\":\"2019-12-04T09:52:15+00:00\",\"breadcrumb\":{\"@id\":\"https:\/\/impregnum.se\/traskydd-wood-protection\/#breadcrumb\"},\"inLanguage\":\"en-US\",\"potentialAction\":[{\"@type\":\"ReadAction\",\"target\":[\"https:\/\/impregnum.se\/traskydd-wood-protection\/\"]}]},{\"@type\":\"ImageObject\",\"inLanguage\":\"en-US\",\"@id\":\"https:\/\/impregnum.se\/traskydd-wood-protection\/#primaryimage\",\"url\":\"https:\/\/impregnum.se\/wp-content\/uploads\/IMG_0448.jpeg\",\"contentUrl\":\"https:\/\/impregnum.se\/wp-content\/uploads\/IMG_0448.jpeg\",\"width\":640,\"height\":480},{\"@type\":\"BreadcrumbList\",\"@id\":\"https:\/\/impregnum.se\/traskydd-wood-protection\/#breadcrumb\",\"itemListElement\":[{\"@type\":\"ListItem\",\"position\":1,\"name\":\"Home\",\"item\":\"https:\/\/impregnum.se\/\"},{\"@type\":\"ListItem\",\"position\":2,\"name\":\"Tr\u00e4skydd &#8211; Wood Protection\"}]},{\"@type\":\"WebSite\",\"@id\":\"https:\/\/impregnum.se\/#website\",\"url\":\"https:\/\/impregnum.se\/\",\"name\":\"Impregnum AB\",\"description\":\"impregnum.se\",\"publisher\":{\"@id\":\"https:\/\/impregnum.se\/#organization\"},\"potentialAction\":[{\"@type\":\"SearchAction\",\"target\":{\"@type\":\"EntryPoint\",\"urlTemplate\":\"https:\/\/impregnum.se\/?s={search_term_string}\"},\"query-input\":{\"@type\":\"PropertyValueSpecification\",\"valueRequired\":true,\"valueName\":\"search_term_string\"}}],\"inLanguage\":\"en-US\"},{\"@type\":\"Organization\",\"@id\":\"https:\/\/impregnum.se\/#organization\",\"name\":\"https:\/\/impregnum.se\/\",\"url\":\"https:\/\/impregnum.se\/\",\"logo\":{\"@type\":\"ImageObject\",\"inLanguage\":\"en-US\",\"@id\":\"https:\/\/impregnum.se\/#\/schema\/logo\/image\/\",\"url\":\"https:\/\/impregnum.se\/wp-content\/uploads\/impregnum-logo-nya.png\",\"contentUrl\":\"https:\/\/impregnum.se\/wp-content\/uploads\/impregnum-logo-nya.png\",\"width\":1879,\"height\":521,\"caption\":\"https:\/\/impregnum.se\/\"},\"image\":{\"@id\":\"https:\/\/impregnum.se\/#\/schema\/logo\/image\/\"}}]}<\/script>\n<!-- \/ Yoast SEO plugin. -->","yoast_head_json":{"title":"Tr\u00e4skydd - Wood Protection - Impregnum AB","robots":{"index":"index","follow":"follow","max-snippet":"max-snippet:-1","max-image-preview":"max-image-preview:large","max-video-preview":"max-video-preview:-1"},"canonical":"https:\/\/impregnum.se\/en\/traskydd-wood-protection\/","og_locale":"en_US","og_type":"article","og_title":"Tr\u00e4skydd - Wood Protection - Impregnum AB","og_description":"KONTAKTA OSS Tr\u00e4skydd Tr\u00e4skydd","og_url":"https:\/\/impregnum.se\/en\/traskydd-wood-protection\/","og_site_name":"Impregnum AB","article_modified_time":"2019-12-04T09:52:15+00:00","og_image":[{"width":640,"height":480,"url":"https:\/\/impregnum.se\/wp-content\/uploads\/IMG_0448.jpeg","type":"image\/jpeg"}],"twitter_card":"summary_large_image","schema":{"@context":"https:\/\/schema.org","@graph":[{"@type":"WebPage","@id":"https:\/\/impregnum.se\/traskydd-wood-protection\/","url":"https:\/\/impregnum.se\/traskydd-wood-protection\/","name":"Tr\u00e4skydd - Wood Protection - Impregnum AB","isPartOf":{"@id":"https:\/\/impregnum.se\/#website"},"primaryImageOfPage":{"@id":"https:\/\/impregnum.se\/traskydd-wood-protection\/#primaryimage"},"image":{"@id":"https:\/\/impregnum.se\/traskydd-wood-protection\/#primaryimage"},"thumbnailUrl":"https:\/\/impregnum.se\/wp-content\/uploads\/IMG_0448.jpeg","datePublished":"2019-10-10T11:36:05+00:00","dateModified":"2019-12-04T09:52:15+00:00","breadcrumb":{"@id":"https:\/\/impregnum.se\/traskydd-wood-protection\/#breadcrumb"},"inLanguage":"en-US","potentialAction":[{"@type":"ReadAction","target":["https:\/\/impregnum.se\/traskydd-wood-protection\/"]}]},{"@type":"ImageObject","inLanguage":"en-US","@id":"https:\/\/impregnum.se\/traskydd-wood-protection\/#primaryimage","url":"https:\/\/impregnum.se\/wp-content\/uploads\/IMG_0448.jpeg","contentUrl":"https:\/\/impregnum.se\/wp-content\/uploads\/IMG_0448.jpeg","width":640,"height":480},{"@type":"BreadcrumbList","@id":"https:\/\/impregnum.se\/traskydd-wood-protection\/#breadcrumb","itemListElement":[{"@type":"ListItem","position":1,"name":"Home","item":"https:\/\/impregnum.se\/"},{"@type":"ListItem","position":2,"name":"Tr\u00e4skydd &#8211; Wood Protection"}]},{"@type":"WebSite","@id":"https:\/\/impregnum.se\/#website","url":"https:\/\/impregnum.se\/","name":"Impregnum AB","description":"impregnum.se","publisher":{"@id":"https:\/\/impregnum.se\/#organization"},"potentialAction":[{"@type":"SearchAction","target":{"@type":"EntryPoint","urlTemplate":"https:\/\/impregnum.se\/?s={search_term_string}"},"query-input":{"@type":"PropertyValueSpecification","valueRequired":true,"valueName":"search_term_string"}}],"inLanguage":"en-US"},{"@type":"Organization","@id":"https:\/\/impregnum.se\/#organization","name":"https:\/\/impregnum.se\/","url":"https:\/\/impregnum.se\/","logo":{"@type":"ImageObject","inLanguage":"en-US","@id":"https:\/\/impregnum.se\/#\/schema\/logo\/image\/","url":"https:\/\/impregnum.se\/wp-content\/uploads\/impregnum-logo-nya.png","contentUrl":"https:\/\/impregnum.se\/wp-content\/uploads\/impregnum-logo-nya.png","width":1879,"height":521,"caption":"https:\/\/impregnum.se\/"},"image":{"@id":"https:\/\/impregnum.se\/#\/schema\/logo\/image\/"}}]}},"_links":{"self":[{"href":"https:\/\/impregnum.se\/en\/wp-json\/wp\/v2\/pages\/16891","targetHints":{"allow":["GET"]}}],"collection":[{"href":"https:\/\/impregnum.se\/en\/wp-json\/wp\/v2\/pages"}],"about":[{"href":"https:\/\/impregnum.se\/en\/wp-json\/wp\/v2\/types\/page"}],"author":[{"embeddable":true,"href":"https:\/\/impregnum.se\/en\/wp-json\/wp\/v2\/users\/2"}],"replies":[{"embeddable":true,"href":"https:\/\/impregnum.se\/en\/wp-json\/wp\/v2\/comments?post=16891"}],"version-history":[{"count":8,"href":"https:\/\/impregnum.se\/en\/wp-json\/wp\/v2\/pages\/16891\/revisions"}],"predecessor-version":[{"id":17058,"href":"https:\/\/impregnum.se\/en\/wp-json\/wp\/v2\/pages\/16891\/revisions\/17058"}],"wp:featuredmedia":[{"embeddable":true,"href":"https:\/\/impregnum.se\/en\/wp-json\/wp\/v2\/media\/16896"}],"wp:attachment":[{"href":"https:\/\/impregnum.se\/en\/wp-json\/wp\/v2\/media?parent=16891"}],"curies":[{"name":"wp","href":"https:\/\/api.w.org\/{rel}","templated":true}]}}