{"id":16624,"date":"2019-10-08T13:23:35","date_gmt":"2019-10-08T11:23:35","guid":{"rendered":"https:\/\/impregnum.se\/?post_type=product&#038;p=16624"},"modified":"2019-12-03T09:40:24","modified_gmt":"2019-12-03T08:40:24","slug":"wood-protection","status":"publish","type":"product","link":"https:\/\/impregnum.se\/en\/shop\/wood-protection\/","title":{"rendered":"WOOD PROTECTION"},"content":{"rendered":"<p><strong>Wood Protection \u00e4r framtagen f\u00f6r att skydda tr\u00e4material<\/strong><br \/>\n<strong>mot intr\u00e4ngning av fukt och vatten. Med denna egenskap<\/strong><br \/>\n<strong>f\u00e5r man ett b\u00e4ttre material som f\u00f6rhindrar sv\u00e4llningar och<\/strong><br \/>\n<strong>skevhet. Har genomg\u00e5tt kraven f\u00f6r CE-m\u00e4rkning (coating) EN ISO 5470-1, EN 1062-3, EN ISO 6272-1, EN 1542 hos Statens Provningsanstalt.<\/strong><\/p>\n<p><strong>\u00a0<\/strong><br \/>\nWood Protection \u00e4r vattenbaserad och uppbyggd p\u00e5 nanoteknik, med inneh\u00e5ll<br \/>\nav kiself\u00f6reningar (ett sp\u00e5r\u00e4mne fullst\u00e4ndigt rent och naturligt) samt silikoner<br \/>\nsom \u00e4r l\u00e4tt nedbrytbara och milj\u00f6anpassade.<br \/>\nMed denna teknik har den en o\u00f6vertr\u00e4ffad f\u00f6rm\u00e5ga n\u00e4r det g\u00e4ller att f\u00f6rhindra intr\u00e4ngning\u00a0av fukt och vatten. UW best\u00e4ndig.<br \/>\nWood Protection \u00e4r ocks\u00e5 diffusions\u00f6ppen, vilket g\u00f6r att det behandlade materialet<br \/>\n\u201d<strong>andas<\/strong>\u201d.<br \/>\nDet finns flera metoder att applicera Wood Protection. Sprutning, pensling eller<br \/>\nroller \u00e4r alternativa m\u00f6jligheter.<br \/>\nMen f\u00f6r industriell verksamhet \u00e4r sprutning \/ doppning, det mest l\u00e4mpade<br \/>\nalternativet.<br \/>\n<strong>pH. 6,0 \u2013 8,0 ( 7,0 = neutral reaktion )<\/strong><br \/>\nEj korrosiv, och inte n\u00e5gra oxiderande egenskaper.<br \/>\nP\u00e5f\u00f6r inte Wood Protection p\u00e5 ytor som \u00e4r v\u00e5ta.<br \/>\nEn liter r\u00e4cker till ca. 10-12 m2. f\u00f6r icke sugande material, t.ex. av skivmaterial och<br \/>\nhyvlat virke.<br \/>\nF\u00f6r r\u00e5spont och liknande blir \u00e5tg\u00e5ngen, ca. 5-8 m2\/l.<\/p>","protected":false},"excerpt":{"rendered":"<p>Wood Protection \u00e4r framtagen f\u00f6r att skydda tr\u00e4material<br \/>\nmot intr\u00e4ngning av fukt och vatten. Med denna egenskap<br \/>\nf\u00e5r man ett b\u00e4ttre material som f\u00f6rhindrar sv\u00e4llningar och<br \/>\nskevhet.<\/p>","protected":false},"featured_media":17026,"comment_status":"closed","ping_status":"closed","template":"","meta":{"_acf_changed":false},"product_brand":[],"product_cat":[23],"product_tag":[],"class_list":{"0":"post-16624","1":"product","2":"type-product","3":"status-publish","4":"has-post-thumbnail","6":"product_cat-impregnum","8":"first","9":"instock","10":"shipping-taxable","11":"product-type-simple"},"acf":[],"yoast_head":"<!-- This site is optimized with the Yoast SEO plugin v26.8 - https:\/\/yoast.com\/product\/yoast-seo-wordpress\/ -->\n<title>WOOD PROTECTION - Impregnum AB<\/title>\n<meta name=\"robots\" content=\"index, follow, max-snippet:-1, max-image-preview:large, max-video-preview:-1\" \/>\n<link rel=\"canonical\" href=\"https:\/\/impregnum.se\/en\/shop\/wood-protection\/\" \/>\n<meta property=\"og:locale\" content=\"en_US\" \/>\n<meta property=\"og:type\" content=\"article\" \/>\n<meta property=\"og:title\" content=\"WOOD PROTECTION - Impregnum AB\" \/>\n<meta property=\"og:description\" content=\"Wood Protection \u00e4r framtagen f\u00f6r att skydda tr\u00e4material mot intr\u00e4ngning av fukt och vatten. Med denna egenskap f\u00e5r man ett b\u00e4ttre material som f\u00f6rhindrar sv\u00e4llningar och skevhet.\" \/>\n<meta property=\"og:url\" content=\"https:\/\/impregnum.se\/en\/shop\/wood-protection\/\" \/>\n<meta property=\"og:site_name\" content=\"Impregnum AB\" \/>\n<meta property=\"article:modified_time\" content=\"2019-12-03T08:40:24+00:00\" \/>\n<meta property=\"og:image\" content=\"https:\/\/impregnum.se\/wp-content\/uploads\/wood-protection-1.png\" \/>\n\t<meta property=\"og:image:width\" content=\"800\" \/>\n\t<meta property=\"og:image:height\" content=\"800\" \/>\n\t<meta property=\"og:image:type\" content=\"image\/png\" \/>\n<meta name=\"twitter:card\" content=\"summary_large_image\" \/>\n<meta name=\"twitter:label1\" content=\"Est. reading time\" \/>\n\t<meta name=\"twitter:data1\" content=\"1 minute\" \/>\n<script type=\"application\/ld+json\" class=\"yoast-schema-graph\">{\"@context\":\"https:\/\/schema.org\",\"@graph\":[{\"@type\":\"WebPage\",\"@id\":\"https:\/\/impregnum.se\/shop\/wood-protection\/\",\"url\":\"https:\/\/impregnum.se\/shop\/wood-protection\/\",\"name\":\"WOOD PROTECTION - Impregnum AB\",\"isPartOf\":{\"@id\":\"https:\/\/impregnum.se\/#website\"},\"primaryImageOfPage\":{\"@id\":\"https:\/\/impregnum.se\/shop\/wood-protection\/#primaryimage\"},\"image\":{\"@id\":\"https:\/\/impregnum.se\/shop\/wood-protection\/#primaryimage\"},\"thumbnailUrl\":\"https:\/\/impregnum.se\/wp-content\/uploads\/wood-protection-1.png\",\"datePublished\":\"2019-10-08T11:23:35+00:00\",\"dateModified\":\"2019-12-03T08:40:24+00:00\",\"breadcrumb\":{\"@id\":\"https:\/\/impregnum.se\/shop\/wood-protection\/#breadcrumb\"},\"inLanguage\":\"en-US\",\"potentialAction\":[{\"@type\":\"ReadAction\",\"target\":[\"https:\/\/impregnum.se\/shop\/wood-protection\/\"]}]},{\"@type\":\"ImageObject\",\"inLanguage\":\"en-US\",\"@id\":\"https:\/\/impregnum.se\/shop\/wood-protection\/#primaryimage\",\"url\":\"https:\/\/impregnum.se\/wp-content\/uploads\/wood-protection-1.png\",\"contentUrl\":\"https:\/\/impregnum.se\/wp-content\/uploads\/wood-protection-1.png\",\"width\":800,\"height\":800,\"caption\":\"WOOD PROTECTION\"},{\"@type\":\"BreadcrumbList\",\"@id\":\"https:\/\/impregnum.se\/shop\/wood-protection\/#breadcrumb\",\"itemListElement\":[{\"@type\":\"ListItem\",\"position\":1,\"name\":\"Home\",\"item\":\"https:\/\/impregnum.se\/\"},{\"@type\":\"ListItem\",\"position\":2,\"name\":\"Shop\",\"item\":\"https:\/\/impregnum.se\/shop\/\"},{\"@type\":\"ListItem\",\"position\":3,\"name\":\"WOOD PROTECTION\"}]},{\"@type\":\"WebSite\",\"@id\":\"https:\/\/impregnum.se\/#website\",\"url\":\"https:\/\/impregnum.se\/\",\"name\":\"Impregnum AB\",\"description\":\"impregnum.se\",\"publisher\":{\"@id\":\"https:\/\/impregnum.se\/#organization\"},\"potentialAction\":[{\"@type\":\"SearchAction\",\"target\":{\"@type\":\"EntryPoint\",\"urlTemplate\":\"https:\/\/impregnum.se\/?s={search_term_string}\"},\"query-input\":{\"@type\":\"PropertyValueSpecification\",\"valueRequired\":true,\"valueName\":\"search_term_string\"}}],\"inLanguage\":\"en-US\"},{\"@type\":\"Organization\",\"@id\":\"https:\/\/impregnum.se\/#organization\",\"name\":\"https:\/\/impregnum.se\/\",\"url\":\"https:\/\/impregnum.se\/\",\"logo\":{\"@type\":\"ImageObject\",\"inLanguage\":\"en-US\",\"@id\":\"https:\/\/impregnum.se\/#\/schema\/logo\/image\/\",\"url\":\"https:\/\/impregnum.se\/wp-content\/uploads\/impregnum-logo-nya.png\",\"contentUrl\":\"https:\/\/impregnum.se\/wp-content\/uploads\/impregnum-logo-nya.png\",\"width\":1879,\"height\":521,\"caption\":\"https:\/\/impregnum.se\/\"},\"image\":{\"@id\":\"https:\/\/impregnum.se\/#\/schema\/logo\/image\/\"}}]}<\/script>\n<!-- \/ Yoast SEO plugin. -->","yoast_head_json":{"title":"WOOD PROTECTION - Impregnum AB","robots":{"index":"index","follow":"follow","max-snippet":"max-snippet:-1","max-image-preview":"max-image-preview:large","max-video-preview":"max-video-preview:-1"},"canonical":"https:\/\/impregnum.se\/en\/shop\/wood-protection\/","og_locale":"en_US","og_type":"article","og_title":"WOOD PROTECTION - Impregnum AB","og_description":"Wood Protection \u00e4r framtagen f\u00f6r att skydda tr\u00e4material mot intr\u00e4ngning av fukt och vatten. Med denna egenskap f\u00e5r man ett b\u00e4ttre material som f\u00f6rhindrar sv\u00e4llningar och skevhet.","og_url":"https:\/\/impregnum.se\/en\/shop\/wood-protection\/","og_site_name":"Impregnum AB","article_modified_time":"2019-12-03T08:40:24+00:00","og_image":[{"width":800,"height":800,"url":"https:\/\/impregnum.se\/wp-content\/uploads\/wood-protection-1.png","type":"image\/png"}],"twitter_card":"summary_large_image","twitter_misc":{"Est. reading time":"1 minute"},"schema":{"@context":"https:\/\/schema.org","@graph":[{"@type":"WebPage","@id":"https:\/\/impregnum.se\/shop\/wood-protection\/","url":"https:\/\/impregnum.se\/shop\/wood-protection\/","name":"WOOD PROTECTION - Impregnum AB","isPartOf":{"@id":"https:\/\/impregnum.se\/#website"},"primaryImageOfPage":{"@id":"https:\/\/impregnum.se\/shop\/wood-protection\/#primaryimage"},"image":{"@id":"https:\/\/impregnum.se\/shop\/wood-protection\/#primaryimage"},"thumbnailUrl":"https:\/\/impregnum.se\/wp-content\/uploads\/wood-protection-1.png","datePublished":"2019-10-08T11:23:35+00:00","dateModified":"2019-12-03T08:40:24+00:00","breadcrumb":{"@id":"https:\/\/impregnum.se\/shop\/wood-protection\/#breadcrumb"},"inLanguage":"en-US","potentialAction":[{"@type":"ReadAction","target":["https:\/\/impregnum.se\/shop\/wood-protection\/"]}]},{"@type":"ImageObject","inLanguage":"en-US","@id":"https:\/\/impregnum.se\/shop\/wood-protection\/#primaryimage","url":"https:\/\/impregnum.se\/wp-content\/uploads\/wood-protection-1.png","contentUrl":"https:\/\/impregnum.se\/wp-content\/uploads\/wood-protection-1.png","width":800,"height":800,"caption":"WOOD PROTECTION"},{"@type":"BreadcrumbList","@id":"https:\/\/impregnum.se\/shop\/wood-protection\/#breadcrumb","itemListElement":[{"@type":"ListItem","position":1,"name":"Home","item":"https:\/\/impregnum.se\/"},{"@type":"ListItem","position":2,"name":"Shop","item":"https:\/\/impregnum.se\/shop\/"},{"@type":"ListItem","position":3,"name":"WOOD PROTECTION"}]},{"@type":"WebSite","@id":"https:\/\/impregnum.se\/#website","url":"https:\/\/impregnum.se\/","name":"Impregnum AB","description":"impregnum.se","publisher":{"@id":"https:\/\/impregnum.se\/#organization"},"potentialAction":[{"@type":"SearchAction","target":{"@type":"EntryPoint","urlTemplate":"https:\/\/impregnum.se\/?s={search_term_string}"},"query-input":{"@type":"PropertyValueSpecification","valueRequired":true,"valueName":"search_term_string"}}],"inLanguage":"en-US"},{"@type":"Organization","@id":"https:\/\/impregnum.se\/#organization","name":"https:\/\/impregnum.se\/","url":"https:\/\/impregnum.se\/","logo":{"@type":"ImageObject","inLanguage":"en-US","@id":"https:\/\/impregnum.se\/#\/schema\/logo\/image\/","url":"https:\/\/impregnum.se\/wp-content\/uploads\/impregnum-logo-nya.png","contentUrl":"https:\/\/impregnum.se\/wp-content\/uploads\/impregnum-logo-nya.png","width":1879,"height":521,"caption":"https:\/\/impregnum.se\/"},"image":{"@id":"https:\/\/impregnum.se\/#\/schema\/logo\/image\/"}}]}},"_links":{"self":[{"href":"https:\/\/impregnum.se\/en\/wp-json\/wp\/v2\/product\/16624","targetHints":{"allow":["GET"]}}],"collection":[{"href":"https:\/\/impregnum.se\/en\/wp-json\/wp\/v2\/product"}],"about":[{"href":"https:\/\/impregnum.se\/en\/wp-json\/wp\/v2\/types\/product"}],"replies":[{"embeddable":true,"href":"https:\/\/impregnum.se\/en\/wp-json\/wp\/v2\/comments?post=16624"}],"version-history":[{"count":4,"href":"https:\/\/impregnum.se\/en\/wp-json\/wp\/v2\/product\/16624\/revisions"}],"predecessor-version":[{"id":17044,"href":"https:\/\/impregnum.se\/en\/wp-json\/wp\/v2\/product\/16624\/revisions\/17044"}],"wp:featuredmedia":[{"embeddable":true,"href":"https:\/\/impregnum.se\/en\/wp-json\/wp\/v2\/media\/17026"}],"wp:attachment":[{"href":"https:\/\/impregnum.se\/en\/wp-json\/wp\/v2\/media?parent=16624"}],"wp:term":[{"taxonomy":"product_brand","embeddable":true,"href":"https:\/\/impregnum.se\/en\/wp-json\/wp\/v2\/product_brand?post=16624"},{"taxonomy":"product_cat","embeddable":true,"href":"https:\/\/impregnum.se\/en\/wp-json\/wp\/v2\/product_cat?post=16624"},{"taxonomy":"product_tag","embeddable":true,"href":"https:\/\/impregnum.se\/en\/wp-json\/wp\/v2\/product_tag?post=16624"}],"curies":[{"name":"wp","href":"https:\/\/api.w.org\/{rel}","templated":true}]}}