{"id":16627,"date":"2019-10-08T13:27:10","date_gmt":"2019-10-08T11:27:10","guid":{"rendered":"https:\/\/impregnum.se\/?post_type=product&#038;p=16627"},"modified":"2019-12-23T18:04:50","modified_gmt":"2019-12-23T17:04:50","slug":"benac-05-1-5-25-liter-impregnum","status":"publish","type":"product","link":"https:\/\/impregnum.se\/en\/shop\/benac-05-1-5-25-liter-impregnum\/","title":{"rendered":"BENAC 05 &#8211; 1, 5, 25 liter &#8211; Impregnum"},"content":{"rendered":"<p><strong>Benac 05 \u00e4r en f\u00e4rdigblandad v\u00e4tska av kvart\u00e4ra ammoniumf\u00f6reningar och<\/strong>\u00a0<strong>vatten, som \u00e4r mycket aktivt mot ytv\u00e4xande mikroorgansimer. Medlet anv\u00e4nds<\/strong>\u00a0<strong>mot bakterier, m\u00f6gel, alger och lavar p\u00e5 tr\u00e4, sten betong, murverk m.m. S\u00e5v\u00e4l inomhus som utomhus.<\/strong><\/p>\n<p><strong>Benac 05<\/strong> kan appliceras med pensel, roller eller l\u00e5gtrycksspruta. Skydda kringliggande\u00a0ytor, v\u00e4xter och bohag med ex. plastfolie. Vid alla typer av behandling b\u00f6r l\u00e4mpliga skyddskl\u00e4der och skyddsglas\u00f6gon anv\u00e4ndas.<\/p>\n<p>Benac 05 avl\u00e4gsnas fr\u00e5n verktyg, handskar och kl\u00e4der med hj\u00e4lp av tv\u00e5l och vatten. Icke\u00a0sugande ytor, som t.ex. kakel eller m\u00e5lade ytor, sk\u00f6ljs rena med vatten. S\u00e4kerhetsdatabaldet\u00a0f\u00f6r Benac 05 ger information om h\u00e4lsorisker avfallshantering m.m.<br \/>\n<strong>Inneh\u00e5ller:<\/strong> Katjoniska tensider &lt;5%, Verksamt \u00e4mne: Alkyl(C12-16)bensyldimetylammoniumklorid<\/p>","protected":false},"excerpt":{"rendered":"<p>Benac 05 \u00e4r en f\u00e4rdigblandad v\u00e4tska av kvart\u00e4ra ammoniumf\u00f6reningar och<br \/>\nvatten som \u00e4r mycket aktivt mot ytv\u00e4xande mikroorgansimer. Medlet anv\u00e4nds<br \/>\nmot bakterier, m\u00f6gel, alger och lavar p\u00e5 tr\u00e4, sten betong, murverk m.m.<\/p>","protected":false},"featured_media":17140,"comment_status":"closed","ping_status":"closed","template":"","meta":{"_acf_changed":false},"product_brand":[],"product_cat":[23],"product_tag":[],"class_list":{"0":"post-16627","1":"product","2":"type-product","3":"status-publish","4":"has-post-thumbnail","6":"product_cat-impregnum","8":"first","9":"instock","10":"shipping-taxable","11":"product-type-variable"},"acf":[],"yoast_head":"<!-- This site is optimized with the Yoast SEO plugin v26.8 - https:\/\/yoast.com\/product\/yoast-seo-wordpress\/ -->\n<title>BENAC 05 - 1, 5, 25 liter - Impregnum - Impregnum AB<\/title>\n<meta name=\"robots\" content=\"index, follow, max-snippet:-1, max-image-preview:large, max-video-preview:-1\" \/>\n<link rel=\"canonical\" href=\"https:\/\/impregnum.se\/en\/shop\/benac-05-1-5-25-liter-impregnum\/\" \/>\n<meta property=\"og:locale\" content=\"en_US\" \/>\n<meta property=\"og:type\" content=\"article\" \/>\n<meta property=\"og:title\" content=\"BENAC 05 - 1, 5, 25 liter - Impregnum - Impregnum AB\" \/>\n<meta property=\"og:description\" content=\"Benac 05 \u00e4r en f\u00e4rdigblandad v\u00e4tska av kvart\u00e4ra ammoniumf\u00f6reningar och vatten som \u00e4r mycket aktivt mot ytv\u00e4xande mikroorgansimer. Medlet anv\u00e4nds mot bakterier, m\u00f6gel, alger och lavar p\u00e5 tr\u00e4, sten betong, murverk m.m.\" \/>\n<meta property=\"og:url\" content=\"https:\/\/impregnum.se\/en\/shop\/benac-05-1-5-25-liter-impregnum\/\" \/>\n<meta property=\"og:site_name\" content=\"Impregnum AB\" \/>\n<meta property=\"article:modified_time\" content=\"2019-12-23T17:04:50+00:00\" \/>\n<meta property=\"og:image\" content=\"https:\/\/impregnum.se\/wp-content\/uploads\/IMP-Benac05-5l.png\" \/>\n\t<meta property=\"og:image:width\" content=\"1200\" \/>\n\t<meta property=\"og:image:height\" content=\"1200\" \/>\n\t<meta property=\"og:image:type\" content=\"image\/png\" \/>\n<meta name=\"twitter:card\" content=\"summary_large_image\" \/>\n<meta name=\"twitter:label1\" content=\"Est. reading time\" \/>\n\t<meta name=\"twitter:data1\" content=\"1 minute\" \/>\n<script type=\"application\/ld+json\" class=\"yoast-schema-graph\">{\"@context\":\"https:\/\/schema.org\",\"@graph\":[{\"@type\":\"WebPage\",\"@id\":\"https:\/\/impregnum.se\/en\/shop\/benac-05-1-5-25-liter-impregnum\/\",\"url\":\"https:\/\/impregnum.se\/en\/shop\/benac-05-1-5-25-liter-impregnum\/\",\"name\":\"BENAC 05 - 1, 5, 25 liter - Impregnum - Impregnum AB\",\"isPartOf\":{\"@id\":\"https:\/\/impregnum.se\/#website\"},\"primaryImageOfPage\":{\"@id\":\"https:\/\/impregnum.se\/en\/shop\/benac-05-1-5-25-liter-impregnum\/#primaryimage\"},\"image\":{\"@id\":\"https:\/\/impregnum.se\/en\/shop\/benac-05-1-5-25-liter-impregnum\/#primaryimage\"},\"thumbnailUrl\":\"https:\/\/impregnum.se\/wp-content\/uploads\/IMP-Benac05-5l.png\",\"datePublished\":\"2019-10-08T11:27:10+00:00\",\"dateModified\":\"2019-12-23T17:04:50+00:00\",\"breadcrumb\":{\"@id\":\"https:\/\/impregnum.se\/en\/shop\/benac-05-1-5-25-liter-impregnum\/#breadcrumb\"},\"inLanguage\":\"en-US\",\"potentialAction\":[{\"@type\":\"ReadAction\",\"target\":[\"https:\/\/impregnum.se\/en\/shop\/benac-05-1-5-25-liter-impregnum\/\"]}]},{\"@type\":\"ImageObject\",\"inLanguage\":\"en-US\",\"@id\":\"https:\/\/impregnum.se\/en\/shop\/benac-05-1-5-25-liter-impregnum\/#primaryimage\",\"url\":\"https:\/\/impregnum.se\/wp-content\/uploads\/IMP-Benac05-5l.png\",\"contentUrl\":\"https:\/\/impregnum.se\/wp-content\/uploads\/IMP-Benac05-5l.png\",\"width\":1200,\"height\":1200},{\"@type\":\"BreadcrumbList\",\"@id\":\"https:\/\/impregnum.se\/en\/shop\/benac-05-1-5-25-liter-impregnum\/#breadcrumb\",\"itemListElement\":[{\"@type\":\"ListItem\",\"position\":1,\"name\":\"Home\",\"item\":\"https:\/\/impregnum.se\/\"},{\"@type\":\"ListItem\",\"position\":2,\"name\":\"Shop\",\"item\":\"https:\/\/impregnum.se\/shop\/\"},{\"@type\":\"ListItem\",\"position\":3,\"name\":\"BENAC 05 &#8211; 1, 5, 25 liter &#8211; Impregnum\"}]},{\"@type\":\"WebSite\",\"@id\":\"https:\/\/impregnum.se\/#website\",\"url\":\"https:\/\/impregnum.se\/\",\"name\":\"Impregnum AB\",\"description\":\"impregnum.se\",\"publisher\":{\"@id\":\"https:\/\/impregnum.se\/#organization\"},\"potentialAction\":[{\"@type\":\"SearchAction\",\"target\":{\"@type\":\"EntryPoint\",\"urlTemplate\":\"https:\/\/impregnum.se\/?s={search_term_string}\"},\"query-input\":{\"@type\":\"PropertyValueSpecification\",\"valueRequired\":true,\"valueName\":\"search_term_string\"}}],\"inLanguage\":\"en-US\"},{\"@type\":\"Organization\",\"@id\":\"https:\/\/impregnum.se\/#organization\",\"name\":\"https:\/\/impregnum.se\/\",\"url\":\"https:\/\/impregnum.se\/\",\"logo\":{\"@type\":\"ImageObject\",\"inLanguage\":\"en-US\",\"@id\":\"https:\/\/impregnum.se\/#\/schema\/logo\/image\/\",\"url\":\"https:\/\/impregnum.se\/wp-content\/uploads\/impregnum-logo-nya.png\",\"contentUrl\":\"https:\/\/impregnum.se\/wp-content\/uploads\/impregnum-logo-nya.png\",\"width\":1879,\"height\":521,\"caption\":\"https:\/\/impregnum.se\/\"},\"image\":{\"@id\":\"https:\/\/impregnum.se\/#\/schema\/logo\/image\/\"}}]}<\/script>\n<!-- \/ Yoast SEO plugin. -->","yoast_head_json":{"title":"BENAC 05 - 1, 5, 25 liter - Impregnum - Impregnum AB","robots":{"index":"index","follow":"follow","max-snippet":"max-snippet:-1","max-image-preview":"max-image-preview:large","max-video-preview":"max-video-preview:-1"},"canonical":"https:\/\/impregnum.se\/en\/shop\/benac-05-1-5-25-liter-impregnum\/","og_locale":"en_US","og_type":"article","og_title":"BENAC 05 - 1, 5, 25 liter - Impregnum - Impregnum AB","og_description":"Benac 05 \u00e4r en f\u00e4rdigblandad v\u00e4tska av kvart\u00e4ra ammoniumf\u00f6reningar och vatten som \u00e4r mycket aktivt mot ytv\u00e4xande mikroorgansimer. Medlet anv\u00e4nds mot bakterier, m\u00f6gel, alger och lavar p\u00e5 tr\u00e4, sten betong, murverk m.m.","og_url":"https:\/\/impregnum.se\/en\/shop\/benac-05-1-5-25-liter-impregnum\/","og_site_name":"Impregnum AB","article_modified_time":"2019-12-23T17:04:50+00:00","og_image":[{"width":1200,"height":1200,"url":"https:\/\/impregnum.se\/wp-content\/uploads\/IMP-Benac05-5l.png","type":"image\/png"}],"twitter_card":"summary_large_image","twitter_misc":{"Est. reading time":"1 minute"},"schema":{"@context":"https:\/\/schema.org","@graph":[{"@type":"WebPage","@id":"https:\/\/impregnum.se\/en\/shop\/benac-05-1-5-25-liter-impregnum\/","url":"https:\/\/impregnum.se\/en\/shop\/benac-05-1-5-25-liter-impregnum\/","name":"BENAC 05 - 1, 5, 25 liter - Impregnum - Impregnum AB","isPartOf":{"@id":"https:\/\/impregnum.se\/#website"},"primaryImageOfPage":{"@id":"https:\/\/impregnum.se\/en\/shop\/benac-05-1-5-25-liter-impregnum\/#primaryimage"},"image":{"@id":"https:\/\/impregnum.se\/en\/shop\/benac-05-1-5-25-liter-impregnum\/#primaryimage"},"thumbnailUrl":"https:\/\/impregnum.se\/wp-content\/uploads\/IMP-Benac05-5l.png","datePublished":"2019-10-08T11:27:10+00:00","dateModified":"2019-12-23T17:04:50+00:00","breadcrumb":{"@id":"https:\/\/impregnum.se\/en\/shop\/benac-05-1-5-25-liter-impregnum\/#breadcrumb"},"inLanguage":"en-US","potentialAction":[{"@type":"ReadAction","target":["https:\/\/impregnum.se\/en\/shop\/benac-05-1-5-25-liter-impregnum\/"]}]},{"@type":"ImageObject","inLanguage":"en-US","@id":"https:\/\/impregnum.se\/en\/shop\/benac-05-1-5-25-liter-impregnum\/#primaryimage","url":"https:\/\/impregnum.se\/wp-content\/uploads\/IMP-Benac05-5l.png","contentUrl":"https:\/\/impregnum.se\/wp-content\/uploads\/IMP-Benac05-5l.png","width":1200,"height":1200},{"@type":"BreadcrumbList","@id":"https:\/\/impregnum.se\/en\/shop\/benac-05-1-5-25-liter-impregnum\/#breadcrumb","itemListElement":[{"@type":"ListItem","position":1,"name":"Home","item":"https:\/\/impregnum.se\/"},{"@type":"ListItem","position":2,"name":"Shop","item":"https:\/\/impregnum.se\/shop\/"},{"@type":"ListItem","position":3,"name":"BENAC 05 &#8211; 1, 5, 25 liter &#8211; Impregnum"}]},{"@type":"WebSite","@id":"https:\/\/impregnum.se\/#website","url":"https:\/\/impregnum.se\/","name":"Impregnum AB","description":"impregnum.se","publisher":{"@id":"https:\/\/impregnum.se\/#organization"},"potentialAction":[{"@type":"SearchAction","target":{"@type":"EntryPoint","urlTemplate":"https:\/\/impregnum.se\/?s={search_term_string}"},"query-input":{"@type":"PropertyValueSpecification","valueRequired":true,"valueName":"search_term_string"}}],"inLanguage":"en-US"},{"@type":"Organization","@id":"https:\/\/impregnum.se\/#organization","name":"https:\/\/impregnum.se\/","url":"https:\/\/impregnum.se\/","logo":{"@type":"ImageObject","inLanguage":"en-US","@id":"https:\/\/impregnum.se\/#\/schema\/logo\/image\/","url":"https:\/\/impregnum.se\/wp-content\/uploads\/impregnum-logo-nya.png","contentUrl":"https:\/\/impregnum.se\/wp-content\/uploads\/impregnum-logo-nya.png","width":1879,"height":521,"caption":"https:\/\/impregnum.se\/"},"image":{"@id":"https:\/\/impregnum.se\/#\/schema\/logo\/image\/"}}]}},"_links":{"self":[{"href":"https:\/\/impregnum.se\/en\/wp-json\/wp\/v2\/product\/16627","targetHints":{"allow":["GET"]}}],"collection":[{"href":"https:\/\/impregnum.se\/en\/wp-json\/wp\/v2\/product"}],"about":[{"href":"https:\/\/impregnum.se\/en\/wp-json\/wp\/v2\/types\/product"}],"replies":[{"embeddable":true,"href":"https:\/\/impregnum.se\/en\/wp-json\/wp\/v2\/comments?post=16627"}],"version-history":[{"count":7,"href":"https:\/\/impregnum.se\/en\/wp-json\/wp\/v2\/product\/16627\/revisions"}],"predecessor-version":[{"id":17148,"href":"https:\/\/impregnum.se\/en\/wp-json\/wp\/v2\/product\/16627\/revisions\/17148"}],"wp:featuredmedia":[{"embeddable":true,"href":"https:\/\/impregnum.se\/en\/wp-json\/wp\/v2\/media\/17140"}],"wp:attachment":[{"href":"https:\/\/impregnum.se\/en\/wp-json\/wp\/v2\/media?parent=16627"}],"wp:term":[{"taxonomy":"product_brand","embeddable":true,"href":"https:\/\/impregnum.se\/en\/wp-json\/wp\/v2\/product_brand?post=16627"},{"taxonomy":"product_cat","embeddable":true,"href":"https:\/\/impregnum.se\/en\/wp-json\/wp\/v2\/product_cat?post=16627"},{"taxonomy":"product_tag","embeddable":true,"href":"https:\/\/impregnum.se\/en\/wp-json\/wp\/v2\/product_tag?post=16627"}],"curies":[{"name":"wp","href":"https:\/\/api.w.org\/{rel}","templated":true}]}}