{"id":16630,"date":"2019-10-08T13:29:08","date_gmt":"2019-10-08T11:29:08","guid":{"rendered":"https:\/\/impregnum.se\/?post_type=product&#038;p=16630"},"modified":"2020-01-07T15:10:37","modified_gmt":"2020-01-07T14:10:37","slug":"mineral-block","status":"publish","type":"product","link":"https:\/\/impregnum.se\/en\/shop\/mineral-block\/","title":{"rendered":"MINERAL BLOCK &#8211; 5 \/ 25 liter"},"content":{"rendered":"<p><strong>Mineral Block \u00e4r framtagen f\u00f6r att skydda sten, betong, putsade ytor som ex. tak fasader och murverk mot fukt och\u00a0<\/strong><b>vattenintr\u00e4ngning. Med denna behandling skyddar man mot frostspr\u00e4ngning och sprickbildning. Samtidigt s\u00e5 f\u00e5r\u00a0mikroorganismer sv\u00e5rare att etablera sig p\u00e5 ytorna.<\/b><\/p>\n<p>Unika egenskaper som skyddar och impregnerar. Appliceras p\u00e5 sten, betong, murverk etc. med l\u00e5gtrycksspruta, pensel eller roller. Skyddar fasader\/tak mot vatten- och fuktintr\u00e4ngning. UW-best\u00e4ndig, Diffusions\u00f6ppen, vattenbaserad\u00a0och milj\u00f6anpassad.<br \/>\n<strong>Bevarar ovanst\u00e5ende egenskaper upptill 10 \u00e5r.<\/strong><br \/>\n\u00c5tg\u00e5ng<br \/>\n<strong>Ca. 5-8 m2\/liter.<\/strong><br \/>\n<strong>Anv\u00e4nding<\/strong><br \/>\nReng\u00f6r ytor noga fr\u00e5n smuts, damm och p\u00e5v\u00e4xt (anv\u00e4nd t.ex. BioComb Rent Tak el. BioComb Ren Fasad). Applicera ett tunt lager p\u00e5 ytan Du vill behandla. \u00a0Normalt\u00a0r\u00e4cker en behandling. Kr\u00e4vs flera behandlingar, ex. por\u00f6sare ytor, l\u00e4gg p\u00e5 v\u00e5tt i v\u00e5tt.<br \/>\n<strong>Torktid<\/strong><br \/>\nDammtor 1-2 h, helt torr 12\/20\u00b0C.<br \/>\nF\u00f6rvaras frostfritt.<\/p>","protected":false},"excerpt":{"rendered":"<p>Mineral Block \u00e4r framtagen f\u00f6r att skydda sten, betong, putsade ytor som ex. tak fasader och murverk mot fukt och\u00a0vattenintr\u00e4ngning. Med denna behandling skyddar man mot frostspr\u00e4ngning och sprickbildning. Samtidigt s\u00e5 f\u00e5r\u00a0mikroorganismer sv\u00e5rare att etablera sig p\u00e5 ytorna. Unika egenskaper som skyddar och impregnerar. Appliceras p\u00e5 sten, betong, murverk etc. med l\u00e5gtrycksspruta, pensel eller roller. [&hellip;]<\/p>","protected":false},"featured_media":17486,"comment_status":"closed","ping_status":"closed","template":"","meta":{"_acf_changed":false},"product_brand":[],"product_cat":[23],"product_tag":[],"class_list":{"0":"post-16630","1":"product","2":"type-product","3":"status-publish","4":"has-post-thumbnail","6":"product_cat-impregnum","8":"first","9":"instock","10":"shipping-taxable","11":"product-type-simple"},"acf":[],"yoast_head":"<!-- This site is optimized with the Yoast SEO plugin v26.8 - https:\/\/yoast.com\/product\/yoast-seo-wordpress\/ -->\n<title>MINERAL BLOCK - 5 \/ 25 liter - Impregnum AB<\/title>\n<meta name=\"robots\" content=\"index, follow, max-snippet:-1, max-image-preview:large, max-video-preview:-1\" \/>\n<link rel=\"canonical\" href=\"https:\/\/impregnum.se\/en\/shop\/mineral-block\/\" \/>\n<meta property=\"og:locale\" content=\"en_US\" \/>\n<meta property=\"og:type\" content=\"article\" \/>\n<meta property=\"og:title\" content=\"MINERAL BLOCK - 5 \/ 25 liter - Impregnum AB\" \/>\n<meta property=\"og:description\" content=\"Mineral Block \u00e4r framtagen f\u00f6r att skydda sten, betong, putsade ytor som ex. tak fasader och murverk mot fukt och\u00a0vattenintr\u00e4ngning. Med denna behandling skyddar man mot frostspr\u00e4ngning och sprickbildning. Samtidigt s\u00e5 f\u00e5r\u00a0mikroorganismer sv\u00e5rare att etablera sig p\u00e5 ytorna. Unika egenskaper som skyddar och impregnerar. Appliceras p\u00e5 sten, betong, murverk etc. med l\u00e5gtrycksspruta, pensel eller roller. [&hellip;]\" \/>\n<meta property=\"og:url\" content=\"https:\/\/impregnum.se\/en\/shop\/mineral-block\/\" \/>\n<meta property=\"og:site_name\" content=\"Impregnum AB\" \/>\n<meta property=\"article:modified_time\" content=\"2020-01-07T14:10:37+00:00\" \/>\n<meta property=\"og:image\" content=\"https:\/\/impregnum.se\/wp-content\/uploads\/imageedit_1200.png\" \/>\n\t<meta property=\"og:image:width\" content=\"1200\" \/>\n\t<meta property=\"og:image:height\" content=\"1200\" \/>\n\t<meta property=\"og:image:type\" content=\"image\/png\" \/>\n<meta name=\"twitter:card\" content=\"summary_large_image\" \/>\n<meta name=\"twitter:label1\" content=\"Est. reading time\" \/>\n\t<meta name=\"twitter:data1\" content=\"1 minute\" \/>\n<script type=\"application\/ld+json\" class=\"yoast-schema-graph\">{\"@context\":\"https:\/\/schema.org\",\"@graph\":[{\"@type\":\"WebPage\",\"@id\":\"https:\/\/impregnum.se\/shop\/mineral-block\/\",\"url\":\"https:\/\/impregnum.se\/shop\/mineral-block\/\",\"name\":\"MINERAL BLOCK - 5 \/ 25 liter - Impregnum AB\",\"isPartOf\":{\"@id\":\"https:\/\/impregnum.se\/#website\"},\"primaryImageOfPage\":{\"@id\":\"https:\/\/impregnum.se\/shop\/mineral-block\/#primaryimage\"},\"image\":{\"@id\":\"https:\/\/impregnum.se\/shop\/mineral-block\/#primaryimage\"},\"thumbnailUrl\":\"https:\/\/impregnum.se\/wp-content\/uploads\/imageedit_1200.png\",\"datePublished\":\"2019-10-08T11:29:08+00:00\",\"dateModified\":\"2020-01-07T14:10:37+00:00\",\"breadcrumb\":{\"@id\":\"https:\/\/impregnum.se\/shop\/mineral-block\/#breadcrumb\"},\"inLanguage\":\"en-US\",\"potentialAction\":[{\"@type\":\"ReadAction\",\"target\":[\"https:\/\/impregnum.se\/shop\/mineral-block\/\"]}]},{\"@type\":\"ImageObject\",\"inLanguage\":\"en-US\",\"@id\":\"https:\/\/impregnum.se\/shop\/mineral-block\/#primaryimage\",\"url\":\"https:\/\/impregnum.se\/wp-content\/uploads\/imageedit_1200.png\",\"contentUrl\":\"https:\/\/impregnum.se\/wp-content\/uploads\/imageedit_1200.png\",\"width\":1200,\"height\":1200},{\"@type\":\"BreadcrumbList\",\"@id\":\"https:\/\/impregnum.se\/shop\/mineral-block\/#breadcrumb\",\"itemListElement\":[{\"@type\":\"ListItem\",\"position\":1,\"name\":\"Home\",\"item\":\"https:\/\/impregnum.se\/\"},{\"@type\":\"ListItem\",\"position\":2,\"name\":\"Shop\",\"item\":\"https:\/\/impregnum.se\/shop\/\"},{\"@type\":\"ListItem\",\"position\":3,\"name\":\"MINERAL BLOCK &#8211; 5 \/ 25 liter\"}]},{\"@type\":\"WebSite\",\"@id\":\"https:\/\/impregnum.se\/#website\",\"url\":\"https:\/\/impregnum.se\/\",\"name\":\"Impregnum AB\",\"description\":\"impregnum.se\",\"publisher\":{\"@id\":\"https:\/\/impregnum.se\/#organization\"},\"potentialAction\":[{\"@type\":\"SearchAction\",\"target\":{\"@type\":\"EntryPoint\",\"urlTemplate\":\"https:\/\/impregnum.se\/?s={search_term_string}\"},\"query-input\":{\"@type\":\"PropertyValueSpecification\",\"valueRequired\":true,\"valueName\":\"search_term_string\"}}],\"inLanguage\":\"en-US\"},{\"@type\":\"Organization\",\"@id\":\"https:\/\/impregnum.se\/#organization\",\"name\":\"https:\/\/impregnum.se\/\",\"url\":\"https:\/\/impregnum.se\/\",\"logo\":{\"@type\":\"ImageObject\",\"inLanguage\":\"en-US\",\"@id\":\"https:\/\/impregnum.se\/#\/schema\/logo\/image\/\",\"url\":\"https:\/\/impregnum.se\/wp-content\/uploads\/impregnum-logo-nya.png\",\"contentUrl\":\"https:\/\/impregnum.se\/wp-content\/uploads\/impregnum-logo-nya.png\",\"width\":1879,\"height\":521,\"caption\":\"https:\/\/impregnum.se\/\"},\"image\":{\"@id\":\"https:\/\/impregnum.se\/#\/schema\/logo\/image\/\"}}]}<\/script>\n<!-- \/ Yoast SEO plugin. -->","yoast_head_json":{"title":"MINERAL BLOCK - 5 \/ 25 liter - Impregnum AB","robots":{"index":"index","follow":"follow","max-snippet":"max-snippet:-1","max-image-preview":"max-image-preview:large","max-video-preview":"max-video-preview:-1"},"canonical":"https:\/\/impregnum.se\/en\/shop\/mineral-block\/","og_locale":"en_US","og_type":"article","og_title":"MINERAL BLOCK - 5 \/ 25 liter - Impregnum AB","og_description":"Mineral Block \u00e4r framtagen f\u00f6r att skydda sten, betong, putsade ytor som ex. tak fasader och murverk mot fukt och\u00a0vattenintr\u00e4ngning. Med denna behandling skyddar man mot frostspr\u00e4ngning och sprickbildning. Samtidigt s\u00e5 f\u00e5r\u00a0mikroorganismer sv\u00e5rare att etablera sig p\u00e5 ytorna. Unika egenskaper som skyddar och impregnerar. Appliceras p\u00e5 sten, betong, murverk etc. med l\u00e5gtrycksspruta, pensel eller roller. [&hellip;]","og_url":"https:\/\/impregnum.se\/en\/shop\/mineral-block\/","og_site_name":"Impregnum AB","article_modified_time":"2020-01-07T14:10:37+00:00","og_image":[{"width":1200,"height":1200,"url":"https:\/\/impregnum.se\/wp-content\/uploads\/imageedit_1200.png","type":"image\/png"}],"twitter_card":"summary_large_image","twitter_misc":{"Est. reading time":"1 minute"},"schema":{"@context":"https:\/\/schema.org","@graph":[{"@type":"WebPage","@id":"https:\/\/impregnum.se\/shop\/mineral-block\/","url":"https:\/\/impregnum.se\/shop\/mineral-block\/","name":"MINERAL BLOCK - 5 \/ 25 liter - Impregnum AB","isPartOf":{"@id":"https:\/\/impregnum.se\/#website"},"primaryImageOfPage":{"@id":"https:\/\/impregnum.se\/shop\/mineral-block\/#primaryimage"},"image":{"@id":"https:\/\/impregnum.se\/shop\/mineral-block\/#primaryimage"},"thumbnailUrl":"https:\/\/impregnum.se\/wp-content\/uploads\/imageedit_1200.png","datePublished":"2019-10-08T11:29:08+00:00","dateModified":"2020-01-07T14:10:37+00:00","breadcrumb":{"@id":"https:\/\/impregnum.se\/shop\/mineral-block\/#breadcrumb"},"inLanguage":"en-US","potentialAction":[{"@type":"ReadAction","target":["https:\/\/impregnum.se\/shop\/mineral-block\/"]}]},{"@type":"ImageObject","inLanguage":"en-US","@id":"https:\/\/impregnum.se\/shop\/mineral-block\/#primaryimage","url":"https:\/\/impregnum.se\/wp-content\/uploads\/imageedit_1200.png","contentUrl":"https:\/\/impregnum.se\/wp-content\/uploads\/imageedit_1200.png","width":1200,"height":1200},{"@type":"BreadcrumbList","@id":"https:\/\/impregnum.se\/shop\/mineral-block\/#breadcrumb","itemListElement":[{"@type":"ListItem","position":1,"name":"Home","item":"https:\/\/impregnum.se\/"},{"@type":"ListItem","position":2,"name":"Shop","item":"https:\/\/impregnum.se\/shop\/"},{"@type":"ListItem","position":3,"name":"MINERAL BLOCK &#8211; 5 \/ 25 liter"}]},{"@type":"WebSite","@id":"https:\/\/impregnum.se\/#website","url":"https:\/\/impregnum.se\/","name":"Impregnum AB","description":"impregnum.se","publisher":{"@id":"https:\/\/impregnum.se\/#organization"},"potentialAction":[{"@type":"SearchAction","target":{"@type":"EntryPoint","urlTemplate":"https:\/\/impregnum.se\/?s={search_term_string}"},"query-input":{"@type":"PropertyValueSpecification","valueRequired":true,"valueName":"search_term_string"}}],"inLanguage":"en-US"},{"@type":"Organization","@id":"https:\/\/impregnum.se\/#organization","name":"https:\/\/impregnum.se\/","url":"https:\/\/impregnum.se\/","logo":{"@type":"ImageObject","inLanguage":"en-US","@id":"https:\/\/impregnum.se\/#\/schema\/logo\/image\/","url":"https:\/\/impregnum.se\/wp-content\/uploads\/impregnum-logo-nya.png","contentUrl":"https:\/\/impregnum.se\/wp-content\/uploads\/impregnum-logo-nya.png","width":1879,"height":521,"caption":"https:\/\/impregnum.se\/"},"image":{"@id":"https:\/\/impregnum.se\/#\/schema\/logo\/image\/"}}]}},"_links":{"self":[{"href":"https:\/\/impregnum.se\/en\/wp-json\/wp\/v2\/product\/16630","targetHints":{"allow":["GET"]}}],"collection":[{"href":"https:\/\/impregnum.se\/en\/wp-json\/wp\/v2\/product"}],"about":[{"href":"https:\/\/impregnum.se\/en\/wp-json\/wp\/v2\/types\/product"}],"replies":[{"embeddable":true,"href":"https:\/\/impregnum.se\/en\/wp-json\/wp\/v2\/comments?post=16630"}],"version-history":[{"count":9,"href":"https:\/\/impregnum.se\/en\/wp-json\/wp\/v2\/product\/16630\/revisions"}],"predecessor-version":[{"id":16971,"href":"https:\/\/impregnum.se\/en\/wp-json\/wp\/v2\/product\/16630\/revisions\/16971"}],"wp:featuredmedia":[{"embeddable":true,"href":"https:\/\/impregnum.se\/en\/wp-json\/wp\/v2\/media\/17486"}],"wp:attachment":[{"href":"https:\/\/impregnum.se\/en\/wp-json\/wp\/v2\/media?parent=16630"}],"wp:term":[{"taxonomy":"product_brand","embeddable":true,"href":"https:\/\/impregnum.se\/en\/wp-json\/wp\/v2\/product_brand?post=16630"},{"taxonomy":"product_cat","embeddable":true,"href":"https:\/\/impregnum.se\/en\/wp-json\/wp\/v2\/product_cat?post=16630"},{"taxonomy":"product_tag","embeddable":true,"href":"https:\/\/impregnum.se\/en\/wp-json\/wp\/v2\/product_tag?post=16630"}],"curies":[{"name":"wp","href":"https:\/\/api.w.org\/{rel}","templated":true}]}}